{"id":11242,"date":"2026-03-06T19:16:05","date_gmt":"2026-03-06T19:16:05","guid":{"rendered":"https:\/\/silenthome.com\/produto\/sense-quadro-decorativo-verde-escuro-com-linhas-brancas-83x45x123\/"},"modified":"2026-04-01T11:40:35","modified_gmt":"2026-04-01T10:40:35","slug":"sense-quadro-decorativo-verde-escuro-com-linhas-brancas-83x45x123","status":"publish","type":"product","link":"https:\/\/silenthome.com\/es\/producto\/sense-quadro-decorativo-verde-escuro-com-linhas-brancas-83x45x123\/","title":{"rendered":"SENTIDO, TABLERO DECORATIVO VERDE OSCURO CON L\u00cdNEAS BLANCAS 83X4,5X123"},"content":{"rendered":"","protected":false},"excerpt":{"rendered":"<p>El tablero Sense en verde oscuro aporta profundidad y car\u00e1cter a la decoraci\u00f3n. Las l\u00edneas blancas crean contraste y dinamismo, dando como resultado una pieza moderna y expresiva. Con su elegante combinaci\u00f3n de colores, dise\u00f1o contempor\u00e1neo y gran impacto visual, es perfecta para enriquecer salones o entradas.<\/p>","protected":false},"featured_media":11369,"comment_status":"open","ping_status":"closed","template":"","meta":{"_acf_changed":false},"product_brand":[],"product_cat":[71],"product_tag":[],"class_list":{"0":"post-11242","1":"product","2":"type-product","3":"status-publish","4":"has-post-thumbnail","6":"product_cat-arte","8":"first","9":"instock","10":"taxable","11":"shipping-taxable","12":"purchasable","13":"product-type-simple"},"acf":[],"aioseo_notices":[],"_links":{"self":[{"href":"https:\/\/silenthome.com\/es\/wp-json\/wp\/v2\/product\/11242","targetHints":{"allow":["GET"]}}],"collection":[{"href":"https:\/\/silenthome.com\/es\/wp-json\/wp\/v2\/product"}],"about":[{"href":"https:\/\/silenthome.com\/es\/wp-json\/wp\/v2\/types\/product"}],"replies":[{"embeddable":true,"href":"https:\/\/silenthome.com\/es\/wp-json\/wp\/v2\/comments?post=11242"}],"wp:featuredmedia":[{"embeddable":true,"href":"https:\/\/silenthome.com\/es\/wp-json\/wp\/v2\/media\/11369"}],"wp:attachment":[{"href":"https:\/\/silenthome.com\/es\/wp-json\/wp\/v2\/media?parent=11242"}],"wp:term":[{"taxonomy":"product_brand","embeddable":true,"href":"https:\/\/silenthome.com\/es\/wp-json\/wp\/v2\/product_brand?post=11242"},{"taxonomy":"product_cat","embeddable":true,"href":"https:\/\/silenthome.com\/es\/wp-json\/wp\/v2\/product_cat?post=11242"},{"taxonomy":"product_tag","embeddable":true,"href":"https:\/\/silenthome.com\/es\/wp-json\/wp\/v2\/product_tag?post=11242"}],"curies":[{"name":"wp","href":"https:\/\/api.w.org\/{rel}","templated":true}]}}