{"id":11240,"date":"2026-03-06T19:16:04","date_gmt":"2026-03-06T19:16:04","guid":{"rendered":"https:\/\/silenthome.com\/produto\/espelho-organico-em-madeira-de-manga-natural-735x11x48\/"},"modified":"2026-03-08T22:26:10","modified_gmt":"2026-03-08T22:26:10","slug":"espelho-organico-em-madeira-de-manga-natural-735x11x48","status":"publish","type":"product","link":"https:\/\/silenthome.com\/es\/producto\/espelho-organico-em-madeira-de-manga-natural-735x11x48\/","title":{"rendered":"ESPEJO BIO EN MADERA DE MANGO NATURAL 73.5X11X48"},"content":{"rendered":"","protected":false},"excerpt":{"rendered":"<p>El espejo org\u00e1nico de madera de mango natural destaca por su forma fluida y natural, que aporta ligereza y personalidad a la decoraci\u00f3n. El marco de madera aporta calidez y autenticidad al espacio. Con su dise\u00f1o org\u00e1nico contempor\u00e1neo, su marco de madera de mango natural y su fuerte presencia decorativa, es ideal para crear ambientes acogedores y sofisticados.<\/p>","protected":false},"featured_media":11297,"comment_status":"open","ping_status":"closed","template":"","meta":{"_acf_changed":false},"product_brand":[],"product_cat":[73,90],"product_tag":[],"class_list":{"0":"post-11240","1":"product","2":"type-product","3":"status-publish","4":"has-post-thumbnail","6":"product_cat-decoracao","7":"product_cat-espelhos","9":"first","10":"instock","11":"taxable","12":"shipping-taxable","13":"purchasable","14":"product-type-simple"},"acf":[],"aioseo_notices":[],"_links":{"self":[{"href":"https:\/\/silenthome.com\/es\/wp-json\/wp\/v2\/product\/11240","targetHints":{"allow":["GET"]}}],"collection":[{"href":"https:\/\/silenthome.com\/es\/wp-json\/wp\/v2\/product"}],"about":[{"href":"https:\/\/silenthome.com\/es\/wp-json\/wp\/v2\/types\/product"}],"replies":[{"embeddable":true,"href":"https:\/\/silenthome.com\/es\/wp-json\/wp\/v2\/comments?post=11240"}],"wp:featuredmedia":[{"embeddable":true,"href":"https:\/\/silenthome.com\/es\/wp-json\/wp\/v2\/media\/11297"}],"wp:attachment":[{"href":"https:\/\/silenthome.com\/es\/wp-json\/wp\/v2\/media?parent=11240"}],"wp:term":[{"taxonomy":"product_brand","embeddable":true,"href":"https:\/\/silenthome.com\/es\/wp-json\/wp\/v2\/product_brand?post=11240"},{"taxonomy":"product_cat","embeddable":true,"href":"https:\/\/silenthome.com\/es\/wp-json\/wp\/v2\/product_cat?post=11240"},{"taxonomy":"product_tag","embeddable":true,"href":"https:\/\/silenthome.com\/es\/wp-json\/wp\/v2\/product_tag?post=11240"}],"curies":[{"name":"wp","href":"https:\/\/api.w.org\/{rel}","templated":true}]}}