{"id":11239,"date":"2026-03-06T19:16:03","date_gmt":"2026-03-06T19:16:03","guid":{"rendered":"https:\/\/silenthome.com\/produto\/coqueteleira-inox-rugoso-branco-95x95x22-500-ml\/"},"modified":"2026-03-08T15:34:33","modified_gmt":"2026-03-08T15:34:33","slug":"shaker-inox-rugoso-branco","status":"publish","type":"product","link":"https:\/\/silenthome.com\/es\/producto\/shaker-inox-rugoso-branco\/","title":{"rendered":"AGITADOR DE ACERO INOXIDABLE BLANCO RUGOSO"},"content":{"rendered":"","protected":false},"excerpt":{"rendered":"<p>La coctelera de acero inoxidable White Rough es perfecta para crear c\u00f3cteles con estilo y sofisticaci\u00f3n. Su acabado rugoso a\u00f1ade textura y elegancia, convirti\u00e9ndola en una pieza llamativa en su bar o cocina. Con sus 500 ml de capacidad, su robusta estructura de acero inoxidable y su moderno dise\u00f1o, es ideal para preparar bebidas con precisi\u00f3n y elegancia.<\/p>","protected":false},"featured_media":11266,"comment_status":"open","ping_status":"closed","template":"","meta":{"_acf_changed":false},"product_brand":[],"product_cat":[121,119],"product_tag":[],"class_list":{"0":"post-11239","1":"product","2":"type-product","3":"status-publish","4":"has-post-thumbnail","6":"product_cat-acessorios-de-cozinha-cozinha","7":"product_cat-mesa-e-cozinha","9":"first","10":"instock","11":"taxable","12":"shipping-taxable","13":"purchasable","14":"product-type-simple"},"acf":[],"aioseo_notices":[],"_links":{"self":[{"href":"https:\/\/silenthome.com\/es\/wp-json\/wp\/v2\/product\/11239","targetHints":{"allow":["GET"]}}],"collection":[{"href":"https:\/\/silenthome.com\/es\/wp-json\/wp\/v2\/product"}],"about":[{"href":"https:\/\/silenthome.com\/es\/wp-json\/wp\/v2\/types\/product"}],"replies":[{"embeddable":true,"href":"https:\/\/silenthome.com\/es\/wp-json\/wp\/v2\/comments?post=11239"}],"wp:featuredmedia":[{"embeddable":true,"href":"https:\/\/silenthome.com\/es\/wp-json\/wp\/v2\/media\/11266"}],"wp:attachment":[{"href":"https:\/\/silenthome.com\/es\/wp-json\/wp\/v2\/media?parent=11239"}],"wp:term":[{"taxonomy":"product_brand","embeddable":true,"href":"https:\/\/silenthome.com\/es\/wp-json\/wp\/v2\/product_brand?post=11239"},{"taxonomy":"product_cat","embeddable":true,"href":"https:\/\/silenthome.com\/es\/wp-json\/wp\/v2\/product_cat?post=11239"},{"taxonomy":"product_tag","embeddable":true,"href":"https:\/\/silenthome.com\/es\/wp-json\/wp\/v2\/product_tag?post=11239"}],"curies":[{"name":"wp","href":"https:\/\/api.w.org\/{rel}","templated":true}]}}