{"id":11238,"date":"2026-03-06T19:16:02","date_gmt":"2026-03-06T19:16:02","guid":{"rendered":"https:\/\/silenthome.com\/produto\/cooler-em-inox-rugoso-branco-12x12x18\/"},"modified":"2026-03-08T15:33:01","modified_gmt":"2026-03-08T15:33:01","slug":"cooler-em-inox-rugoso-branco-12x12x18","status":"publish","type":"product","link":"https:\/\/silenthome.com\/es\/producto\/cooler-em-inox-rugoso-branco-12x12x18\/","title":{"rendered":"NEVERA DE ACERO INOXIDABLE BLANCO RUGOSO 12X12X18"},"content":{"rendered":"","protected":false},"excerpt":{"rendered":"<p>El enfriador de acero inoxidable White Rough es la soluci\u00f3n pr\u00e1ctica y elegante para mantener sus bebidas a la temperatura ideal. Su dise\u00f1o minimalista y sofisticado convierte esta pieza funcional en un elemento decorativo tambi\u00e9n. Con su resistente acero inoxidable, su moderno acabado texturizado y su formato compacto, es ideal para servir bebidas con estilo<\/p>","protected":false},"featured_media":11270,"comment_status":"open","ping_status":"closed","template":"","meta":{"_acf_changed":false},"product_brand":[],"product_cat":[121,119],"product_tag":[],"class_list":{"0":"post-11238","1":"product","2":"type-product","3":"status-publish","4":"has-post-thumbnail","6":"product_cat-acessorios-de-cozinha-cozinha","7":"product_cat-mesa-e-cozinha","9":"first","10":"instock","11":"taxable","12":"shipping-taxable","13":"purchasable","14":"product-type-simple"},"acf":[],"aioseo_notices":[],"_links":{"self":[{"href":"https:\/\/silenthome.com\/es\/wp-json\/wp\/v2\/product\/11238","targetHints":{"allow":["GET"]}}],"collection":[{"href":"https:\/\/silenthome.com\/es\/wp-json\/wp\/v2\/product"}],"about":[{"href":"https:\/\/silenthome.com\/es\/wp-json\/wp\/v2\/types\/product"}],"replies":[{"embeddable":true,"href":"https:\/\/silenthome.com\/es\/wp-json\/wp\/v2\/comments?post=11238"}],"wp:featuredmedia":[{"embeddable":true,"href":"https:\/\/silenthome.com\/es\/wp-json\/wp\/v2\/media\/11270"}],"wp:attachment":[{"href":"https:\/\/silenthome.com\/es\/wp-json\/wp\/v2\/media?parent=11238"}],"wp:term":[{"taxonomy":"product_brand","embeddable":true,"href":"https:\/\/silenthome.com\/es\/wp-json\/wp\/v2\/product_brand?post=11238"},{"taxonomy":"product_cat","embeddable":true,"href":"https:\/\/silenthome.com\/es\/wp-json\/wp\/v2\/product_cat?post=11238"},{"taxonomy":"product_tag","embeddable":true,"href":"https:\/\/silenthome.com\/es\/wp-json\/wp\/v2\/product_tag?post=11238"}],"curies":[{"name":"wp","href":"https:\/\/api.w.org\/{rel}","templated":true}]}}