{"id":11237,"date":"2026-03-06T19:16:01","date_gmt":"2026-03-06T19:16:01","guid":{"rendered":"https:\/\/silenthome.com\/produto\/balde-de-gelo-inox-rugoso-branco-17x14x13\/"},"modified":"2026-03-08T15:35:46","modified_gmt":"2026-03-08T15:35:46","slug":"balde-de-gelo-inox-rugoso-branco-17x14x13","status":"publish","type":"product","link":"https:\/\/silenthome.com\/es\/producto\/balde-de-gelo-inox-rugoso-branco-17x14x13\/","title":{"rendered":"CUBITERA DE ACERO INOXIDABLE RUGOSO BLANCO 17X14X13"},"content":{"rendered":"","protected":false},"excerpt":{"rendered":"<p>La cubitera de acero inoxidable White Rough combina funcionalidad y est\u00e9tica moderna, convirti\u00e9ndola en un elemento esencial para la tertulia. El acabado texturizado a\u00f1ade personalidad a la pieza, realzando la presentaci\u00f3n de sus bebidas. Con su robusta estructura de acero inoxidable, su elegante dise\u00f1o y su capacidad ideal para hielo, es perfecta para acompa\u00f1ar c\u00f3cteles y bebidas refrescantes.<\/p>","protected":false},"featured_media":11273,"comment_status":"open","ping_status":"closed","template":"","meta":{"_acf_changed":false},"product_brand":[],"product_cat":[121,119],"product_tag":[],"class_list":{"0":"post-11237","1":"product","2":"type-product","3":"status-publish","4":"has-post-thumbnail","6":"product_cat-acessorios-de-cozinha-cozinha","7":"product_cat-mesa-e-cozinha","9":"first","10":"instock","11":"taxable","12":"shipping-taxable","13":"purchasable","14":"product-type-simple"},"acf":[],"aioseo_notices":[],"_links":{"self":[{"href":"https:\/\/silenthome.com\/es\/wp-json\/wp\/v2\/product\/11237","targetHints":{"allow":["GET"]}}],"collection":[{"href":"https:\/\/silenthome.com\/es\/wp-json\/wp\/v2\/product"}],"about":[{"href":"https:\/\/silenthome.com\/es\/wp-json\/wp\/v2\/types\/product"}],"replies":[{"embeddable":true,"href":"https:\/\/silenthome.com\/es\/wp-json\/wp\/v2\/comments?post=11237"}],"wp:featuredmedia":[{"embeddable":true,"href":"https:\/\/silenthome.com\/es\/wp-json\/wp\/v2\/media\/11273"}],"wp:attachment":[{"href":"https:\/\/silenthome.com\/es\/wp-json\/wp\/v2\/media?parent=11237"}],"wp:term":[{"taxonomy":"product_brand","embeddable":true,"href":"https:\/\/silenthome.com\/es\/wp-json\/wp\/v2\/product_brand?post=11237"},{"taxonomy":"product_cat","embeddable":true,"href":"https:\/\/silenthome.com\/es\/wp-json\/wp\/v2\/product_cat?post=11237"},{"taxonomy":"product_tag","embeddable":true,"href":"https:\/\/silenthome.com\/es\/wp-json\/wp\/v2\/product_tag?post=11237"}],"curies":[{"name":"wp","href":"https:\/\/api.w.org\/{rel}","templated":true}]}}