{"id":11235,"date":"2026-03-06T19:16:00","date_gmt":"2026-03-06T19:16:00","guid":{"rendered":"https:\/\/silenthome.com\/produto\/champanheira-grand-inox-rugoso-branco-40x40x23\/"},"modified":"2026-04-17T19:57:34","modified_gmt":"2026-04-17T18:57:34","slug":"champanheira-grand-inox-rugoso-branco-40x40x23","status":"publish","type":"product","link":"https:\/\/silenthome.com\/es\/producto\/champanheira-grand-inox-rugoso-branco-40x40x23\/","title":{"rendered":"CHAMPANERA GRAND INOX RUGOSO BLANCO 40X40X23"},"content":{"rendered":"","protected":false},"excerpt":{"rendered":"<p>La botella de champ\u00e1n de acero inoxidable White Rough se cre\u00f3 para elevar los momentos de celebraci\u00f3n con elegancia y sofisticaci\u00f3n. El acabado texturizado a\u00f1ade car\u00e1cter a la pieza, convirti\u00e9ndola en un llamativo elemento decorativo. Con su robusta estructura de acero inoxidable, su sofisticado acabado rugoso y su tama\u00f1o ideal para botellas de champ\u00e1n o vino, es perfecta para recibir a los invitados con estilo.<\/p>","protected":false},"featured_media":11280,"comment_status":"open","ping_status":"closed","template":"","meta":{"_acf_changed":false},"product_brand":[],"product_cat":[121,119],"product_tag":[],"class_list":{"0":"post-11235","1":"product","2":"type-product","3":"status-publish","4":"has-post-thumbnail","6":"product_cat-acessorios-de-cozinha-cozinha","7":"product_cat-mesa-e-cozinha","9":"first","10":"instock","11":"taxable","12":"shipping-taxable","13":"purchasable","14":"product-type-simple"},"acf":[],"aioseo_notices":[],"_links":{"self":[{"href":"https:\/\/silenthome.com\/es\/wp-json\/wp\/v2\/product\/11235","targetHints":{"allow":["GET"]}}],"collection":[{"href":"https:\/\/silenthome.com\/es\/wp-json\/wp\/v2\/product"}],"about":[{"href":"https:\/\/silenthome.com\/es\/wp-json\/wp\/v2\/types\/product"}],"replies":[{"embeddable":true,"href":"https:\/\/silenthome.com\/es\/wp-json\/wp\/v2\/comments?post=11235"}],"wp:featuredmedia":[{"embeddable":true,"href":"https:\/\/silenthome.com\/es\/wp-json\/wp\/v2\/media\/11280"}],"wp:attachment":[{"href":"https:\/\/silenthome.com\/es\/wp-json\/wp\/v2\/media?parent=11235"}],"wp:term":[{"taxonomy":"product_brand","embeddable":true,"href":"https:\/\/silenthome.com\/es\/wp-json\/wp\/v2\/product_brand?post=11235"},{"taxonomy":"product_cat","embeddable":true,"href":"https:\/\/silenthome.com\/es\/wp-json\/wp\/v2\/product_cat?post=11235"},{"taxonomy":"product_tag","embeddable":true,"href":"https:\/\/silenthome.com\/es\/wp-json\/wp\/v2\/product_tag?post=11235"}],"curies":[{"name":"wp","href":"https:\/\/api.w.org\/{rel}","templated":true}]}}