{"id":11234,"date":"2026-03-06T19:15:59","date_gmt":"2026-03-06T19:15:59","guid":{"rendered":"https:\/\/silenthome.com\/produto\/bambu-modern-conjunto-de-6-chavenas-de-cafe-11x75x8-180ml\/"},"modified":"2026-04-18T18:12:17","modified_gmt":"2026-04-18T17:12:17","slug":"bambu-modern-conjunto-de-6-chavenas-de-cafe-180ml","status":"publish","type":"product","link":"https:\/\/silenthome.com\/es\/producto\/bambu-modern-conjunto-de-6-chavenas-de-cafe-180ml\/","title":{"rendered":"BAMB\u00da MODERNO, JUEGO DE 6 TAZAS DE CAF\u00c9 180 ML"},"content":{"rendered":"","protected":false},"excerpt":{"rendered":"<p>El juego Bambu Modern combina el dise\u00f1o contempor\u00e1neo con la inspiraci\u00f3n natural del bamb\u00fa, creando una elegante pieza para su mesa. Su forma moderna hace que cada momento de caf\u00e9 sea m\u00e1s sofisticado y confortable. Con su juego de 6 tazas, dise\u00f1o moderno y elegante y capacidad de 180 ml, es ideal para servir caf\u00e9 o bebidas calientes con estilo.<\/p>","protected":false},"featured_media":11356,"comment_status":"open","ping_status":"closed","template":"","meta":{"_acf_changed":false},"product_brand":[],"product_cat":[124,119],"product_tag":[],"class_list":{"0":"post-11234","1":"product","2":"type-product","3":"status-publish","4":"has-post-thumbnail","6":"product_cat-loica-de-mesa","7":"product_cat-mesa-e-cozinha","9":"first","10":"instock","11":"taxable","12":"shipping-taxable","13":"purchasable","14":"product-type-simple"},"acf":[],"aioseo_notices":[],"_links":{"self":[{"href":"https:\/\/silenthome.com\/es\/wp-json\/wp\/v2\/product\/11234","targetHints":{"allow":["GET"]}}],"collection":[{"href":"https:\/\/silenthome.com\/es\/wp-json\/wp\/v2\/product"}],"about":[{"href":"https:\/\/silenthome.com\/es\/wp-json\/wp\/v2\/types\/product"}],"replies":[{"embeddable":true,"href":"https:\/\/silenthome.com\/es\/wp-json\/wp\/v2\/comments?post=11234"}],"wp:featuredmedia":[{"embeddable":true,"href":"https:\/\/silenthome.com\/es\/wp-json\/wp\/v2\/media\/11356"}],"wp:attachment":[{"href":"https:\/\/silenthome.com\/es\/wp-json\/wp\/v2\/media?parent=11234"}],"wp:term":[{"taxonomy":"product_brand","embeddable":true,"href":"https:\/\/silenthome.com\/es\/wp-json\/wp\/v2\/product_brand?post=11234"},{"taxonomy":"product_cat","embeddable":true,"href":"https:\/\/silenthome.com\/es\/wp-json\/wp\/v2\/product_cat?post=11234"},{"taxonomy":"product_tag","embeddable":true,"href":"https:\/\/silenthome.com\/es\/wp-json\/wp\/v2\/product_tag?post=11234"}],"curies":[{"name":"wp","href":"https:\/\/api.w.org\/{rel}","templated":true}]}}