{"id":11233,"date":"2026-03-06T19:15:59","date_gmt":"2026-03-06T19:15:59","guid":{"rendered":"https:\/\/silenthome.com\/produto\/bambu-classic-conjunto-de-6-chavenas-de-cafe-8x63x47-90ml\/"},"modified":"2026-04-18T19:12:47","modified_gmt":"2026-04-18T18:12:47","slug":"bambu-classic-conjunto-de-6-chavenas-de-cafe-90ml","status":"publish","type":"product","link":"https:\/\/silenthome.com\/es\/producto\/bambu-classic-conjunto-de-6-chavenas-de-cafe-90ml\/","title":{"rendered":"BAMBOO CLASSIC, JUEGO DE 6 TAZAS DE CAF\u00c9 DE 90 ML"},"content":{"rendered":"","protected":false},"excerpt":{"rendered":"<p>El juego Bambu Classic combina elegancia y naturalidad para que cada momento del caf\u00e9 sea a\u00fan m\u00e1s especial. Inspirado en materiales naturales, este juego crea un ambiente acogedor y sofisticado en la mesa. Con un juego de 6 tazas, un dise\u00f1o elegante y atemporal y una capacidad ideal de 90 ml para caf\u00e9, es perfecto para recibir invitados o disfrutar de pausas con estilo.<\/p>","protected":false},"featured_media":11355,"comment_status":"open","ping_status":"closed","template":"","meta":{"_acf_changed":false},"product_brand":[],"product_cat":[124,119],"product_tag":[],"class_list":{"0":"post-11233","1":"product","2":"type-product","3":"status-publish","4":"has-post-thumbnail","6":"product_cat-loica-de-mesa","7":"product_cat-mesa-e-cozinha","9":"first","10":"instock","11":"taxable","12":"shipping-taxable","13":"purchasable","14":"product-type-simple"},"acf":[],"aioseo_notices":[],"_links":{"self":[{"href":"https:\/\/silenthome.com\/es\/wp-json\/wp\/v2\/product\/11233","targetHints":{"allow":["GET"]}}],"collection":[{"href":"https:\/\/silenthome.com\/es\/wp-json\/wp\/v2\/product"}],"about":[{"href":"https:\/\/silenthome.com\/es\/wp-json\/wp\/v2\/types\/product"}],"replies":[{"embeddable":true,"href":"https:\/\/silenthome.com\/es\/wp-json\/wp\/v2\/comments?post=11233"}],"wp:featuredmedia":[{"embeddable":true,"href":"https:\/\/silenthome.com\/es\/wp-json\/wp\/v2\/media\/11355"}],"wp:attachment":[{"href":"https:\/\/silenthome.com\/es\/wp-json\/wp\/v2\/media?parent=11233"}],"wp:term":[{"taxonomy":"product_brand","embeddable":true,"href":"https:\/\/silenthome.com\/es\/wp-json\/wp\/v2\/product_brand?post=11233"},{"taxonomy":"product_cat","embeddable":true,"href":"https:\/\/silenthome.com\/es\/wp-json\/wp\/v2\/product_cat?post=11233"},{"taxonomy":"product_tag","embeddable":true,"href":"https:\/\/silenthome.com\/es\/wp-json\/wp\/v2\/product_tag?post=11233"}],"curies":[{"name":"wp","href":"https:\/\/api.w.org\/{rel}","templated":true}]}}