{"id":11231,"date":"2026-03-06T19:15:58","date_gmt":"2026-03-06T19:15:58","guid":{"rendered":"https:\/\/silenthome.com\/produto\/bandeja-em-madeira-de-manga-preto-30x30x5\/"},"modified":"2026-03-08T15:01:09","modified_gmt":"2026-03-08T15:01:09","slug":"bandeja-em-madeira-de-manga-preta-30x30x5","status":"publish","type":"product","link":"https:\/\/silenthome.com\/es\/producto\/bandeja-em-madeira-de-manga-preta-30x30x5\/","title":{"rendered":"BANDEJA DE MADERA DE MANGO NEGRO 30X30X5"},"content":{"rendered":"","protected":false},"excerpt":{"rendered":"<p>La Bandeja de Madera de Mango, en color negro, destaca por su aspecto contempor\u00e1neo y elegante. El acabado oscuro crea contraste y sofisticaci\u00f3n, integr\u00e1ndose f\u00e1cilmente en diferentes estilos de decoraci\u00f3n. Con su robusta estructura de madera natural, su moderno acabado y su uso multifuncional, es ideal para servir, organizar o realzar cualquier espacio.<\/p>","protected":false},"featured_media":11340,"comment_status":"open","ping_status":"closed","template":"","meta":{"_acf_changed":false},"product_brand":[],"product_cat":[121,119,85],"product_tag":[],"class_list":{"0":"post-11231","1":"product","2":"type-product","3":"status-publish","4":"has-post-thumbnail","6":"product_cat-acessorios-de-cozinha-cozinha","7":"product_cat-mesa-e-cozinha","8":"product_cat-tabuleiros","10":"first","11":"instock","12":"taxable","13":"shipping-taxable","14":"purchasable","15":"product-type-simple"},"acf":[],"aioseo_notices":[],"_links":{"self":[{"href":"https:\/\/silenthome.com\/es\/wp-json\/wp\/v2\/product\/11231","targetHints":{"allow":["GET"]}}],"collection":[{"href":"https:\/\/silenthome.com\/es\/wp-json\/wp\/v2\/product"}],"about":[{"href":"https:\/\/silenthome.com\/es\/wp-json\/wp\/v2\/types\/product"}],"replies":[{"embeddable":true,"href":"https:\/\/silenthome.com\/es\/wp-json\/wp\/v2\/comments?post=11231"}],"wp:featuredmedia":[{"embeddable":true,"href":"https:\/\/silenthome.com\/es\/wp-json\/wp\/v2\/media\/11340"}],"wp:attachment":[{"href":"https:\/\/silenthome.com\/es\/wp-json\/wp\/v2\/media?parent=11231"}],"wp:term":[{"taxonomy":"product_brand","embeddable":true,"href":"https:\/\/silenthome.com\/es\/wp-json\/wp\/v2\/product_brand?post=11231"},{"taxonomy":"product_cat","embeddable":true,"href":"https:\/\/silenthome.com\/es\/wp-json\/wp\/v2\/product_cat?post=11231"},{"taxonomy":"product_tag","embeddable":true,"href":"https:\/\/silenthome.com\/es\/wp-json\/wp\/v2\/product_tag?post=11231"}],"curies":[{"name":"wp","href":"https:\/\/api.w.org\/{rel}","templated":true}]}}