{"id":11230,"date":"2026-03-06T19:15:57","date_gmt":"2026-03-06T19:15:57","guid":{"rendered":"https:\/\/silenthome.com\/produto\/bandeja-em-madeira-manga-castanho-30x30x5\/"},"modified":"2026-03-08T15:01:46","modified_gmt":"2026-03-08T15:01:46","slug":"bandeja-em-madeira-de-manga-castanha-30x30x5","status":"publish","type":"product","link":"https:\/\/silenthome.com\/es\/producto\/bandeja-em-madeira-de-manga-castanha-30x30x5\/","title":{"rendered":"BANDEJA DE MADERA DE MANGO MARR\u00d3N 30X30X5"},"content":{"rendered":"","protected":false},"excerpt":{"rendered":"<p>La bandeja de madera de mango, en marr\u00f3n, combina la elegancia natural con la funcionalidad cotidiana. El c\u00e1lido color de la madera a\u00f1ade profundidad y sofisticaci\u00f3n a cualquier ambiente, por lo que resulta ideal para servir o decorar. Con su robusta madera de mango, su dise\u00f1o atemporal y su versatilidad decorativa, es perfecta para organizar objetos, servir bebidas o complementar la decoraci\u00f3n de mesas y consolas.<\/p>","protected":false},"featured_media":11293,"comment_status":"open","ping_status":"closed","template":"","meta":{"_acf_changed":false},"product_brand":[],"product_cat":[121,119,85],"product_tag":[],"class_list":{"0":"post-11230","1":"product","2":"type-product","3":"status-publish","4":"has-post-thumbnail","6":"product_cat-acessorios-de-cozinha-cozinha","7":"product_cat-mesa-e-cozinha","8":"product_cat-tabuleiros","10":"first","11":"instock","12":"taxable","13":"shipping-taxable","14":"purchasable","15":"product-type-simple"},"acf":[],"aioseo_notices":[],"_links":{"self":[{"href":"https:\/\/silenthome.com\/es\/wp-json\/wp\/v2\/product\/11230","targetHints":{"allow":["GET"]}}],"collection":[{"href":"https:\/\/silenthome.com\/es\/wp-json\/wp\/v2\/product"}],"about":[{"href":"https:\/\/silenthome.com\/es\/wp-json\/wp\/v2\/types\/product"}],"replies":[{"embeddable":true,"href":"https:\/\/silenthome.com\/es\/wp-json\/wp\/v2\/comments?post=11230"}],"wp:featuredmedia":[{"embeddable":true,"href":"https:\/\/silenthome.com\/es\/wp-json\/wp\/v2\/media\/11293"}],"wp:attachment":[{"href":"https:\/\/silenthome.com\/es\/wp-json\/wp\/v2\/media?parent=11230"}],"wp:term":[{"taxonomy":"product_brand","embeddable":true,"href":"https:\/\/silenthome.com\/es\/wp-json\/wp\/v2\/product_brand?post=11230"},{"taxonomy":"product_cat","embeddable":true,"href":"https:\/\/silenthome.com\/es\/wp-json\/wp\/v2\/product_cat?post=11230"},{"taxonomy":"product_tag","embeddable":true,"href":"https:\/\/silenthome.com\/es\/wp-json\/wp\/v2\/product_tag?post=11230"}],"curies":[{"name":"wp","href":"https:\/\/api.w.org\/{rel}","templated":true}]}}