{"id":11086,"date":"2026-02-20T13:23:41","date_gmt":"2026-02-20T13:23:41","guid":{"rendered":"https:\/\/silenthome.com\/produto\/peca-em-ceramica-ernesto-rosa\/"},"modified":"2026-03-30T17:28:08","modified_gmt":"2026-03-30T16:28:08","slug":"pote-ernesto-rosa","status":"publish","type":"product","link":"https:\/\/silenthome.com\/es\/producto\/pote-ernesto-rosa\/","title":{"rendered":"Ernesto, Maceta de cer\u00e1mica rosa edici\u00f3n del artista Carlos Manuel Gon\u00e7alves"},"content":{"rendered":"","protected":false},"excerpt":{"rendered":"<p>Esta escultura de cer\u00e1mica representa una figura fant\u00e1stica, a medio camino entre un personaje y una criatura, con una expresi\u00f3n a la vez ingenua y provocadora. El modelado acent\u00faa su car\u00e1cter l\u00fadico, como si tuviera vida propia y una historia que contar, suscitando en el espectador una reacci\u00f3n inmediata de sorpresa y humor.<\/p>\n<p>Esta obra forma parte del universo propio de Carlos Manuel Gon\u00e7alves, donde aparecen seres imaginados que parecen nacer de viejos recuerdos y de una imaginaci\u00f3n libre, alimentada por el contacto con la vida cotidiana rural y las figuras y animales que habitan tanto el mundo real como el campo. Entre lo l\u00fadico y lo simb\u00f3lico, la obra refleja ese territorio donde fantas\u00eda y memoria se encuentran, dando forma a presencias que nos observan y nos invitan discretamente a sonre\u00edr.<\/p>","protected":false},"featured_media":11100,"comment_status":"open","ping_status":"closed","template":"","meta":{"_acf_changed":false},"product_brand":[],"product_cat":[73,74],"product_tag":[],"class_list":{"0":"post-11086","1":"product","2":"type-product","3":"status-publish","4":"has-post-thumbnail","6":"product_cat-decoracao","7":"product_cat-objectos-decorativos","9":"first","10":"instock","11":"taxable","12":"shipping-taxable","13":"purchasable","14":"product-type-simple"},"acf":[],"aioseo_notices":[],"_links":{"self":[{"href":"https:\/\/silenthome.com\/es\/wp-json\/wp\/v2\/product\/11086","targetHints":{"allow":["GET"]}}],"collection":[{"href":"https:\/\/silenthome.com\/es\/wp-json\/wp\/v2\/product"}],"about":[{"href":"https:\/\/silenthome.com\/es\/wp-json\/wp\/v2\/types\/product"}],"replies":[{"embeddable":true,"href":"https:\/\/silenthome.com\/es\/wp-json\/wp\/v2\/comments?post=11086"}],"wp:featuredmedia":[{"embeddable":true,"href":"https:\/\/silenthome.com\/es\/wp-json\/wp\/v2\/media\/11100"}],"wp:attachment":[{"href":"https:\/\/silenthome.com\/es\/wp-json\/wp\/v2\/media?parent=11086"}],"wp:term":[{"taxonomy":"product_brand","embeddable":true,"href":"https:\/\/silenthome.com\/es\/wp-json\/wp\/v2\/product_brand?post=11086"},{"taxonomy":"product_cat","embeddable":true,"href":"https:\/\/silenthome.com\/es\/wp-json\/wp\/v2\/product_cat?post=11086"},{"taxonomy":"product_tag","embeddable":true,"href":"https:\/\/silenthome.com\/es\/wp-json\/wp\/v2\/product_tag?post=11086"}],"curies":[{"name":"wp","href":"https:\/\/api.w.org\/{rel}","templated":true}]}}