{"id":11079,"date":"2026-02-20T13:19:58","date_gmt":"2026-02-20T13:19:58","guid":{"rendered":"https:\/\/silenthome.com\/produto\/cone-mesa-de-apoio-em-ceramica-cinza\/"},"modified":"2026-02-20T17:21:20","modified_gmt":"2026-02-20T17:21:20","slug":"cone-mesa-de-apoio-em-ceramica-cinza","status":"publish","type":"product","link":"https:\/\/silenthome.com\/es\/producto\/cone-mesa-de-apoio-em-ceramica-cinza\/","title":{"rendered":"Cono, Mesa baja de cer\u00e1mica gris"},"content":{"rendered":"","protected":false},"excerpt":{"rendered":"<p>Mesa de centro de cer\u00e1mica con un dise\u00f1o escultural y un vibrante acabado naranja. Ideal para a\u00f1adir un toque contempor\u00e1neo y sofisticado a cualquier sal\u00f3n o zona de estar.<\/p>","protected":false},"featured_media":11108,"comment_status":"open","ping_status":"closed","template":"","meta":{"_acf_changed":false},"product_brand":[],"product_cat":[62,61],"product_tag":[],"class_list":{"0":"post-11079","1":"product","2":"type-product","3":"status-publish","4":"has-post-thumbnail","6":"product_cat-mesas-de-centro-e-apoio","7":"product_cat-mobiliario","9":"first","10":"instock","11":"taxable","12":"shipping-taxable","13":"purchasable","14":"product-type-simple"},"acf":[],"aioseo_notices":[],"_links":{"self":[{"href":"https:\/\/silenthome.com\/es\/wp-json\/wp\/v2\/product\/11079","targetHints":{"allow":["GET"]}}],"collection":[{"href":"https:\/\/silenthome.com\/es\/wp-json\/wp\/v2\/product"}],"about":[{"href":"https:\/\/silenthome.com\/es\/wp-json\/wp\/v2\/types\/product"}],"replies":[{"embeddable":true,"href":"https:\/\/silenthome.com\/es\/wp-json\/wp\/v2\/comments?post=11079"}],"wp:featuredmedia":[{"embeddable":true,"href":"https:\/\/silenthome.com\/es\/wp-json\/wp\/v2\/media\/11108"}],"wp:attachment":[{"href":"https:\/\/silenthome.com\/es\/wp-json\/wp\/v2\/media?parent=11079"}],"wp:term":[{"taxonomy":"product_brand","embeddable":true,"href":"https:\/\/silenthome.com\/es\/wp-json\/wp\/v2\/product_brand?post=11079"},{"taxonomy":"product_cat","embeddable":true,"href":"https:\/\/silenthome.com\/es\/wp-json\/wp\/v2\/product_cat?post=11079"},{"taxonomy":"product_tag","embeddable":true,"href":"https:\/\/silenthome.com\/es\/wp-json\/wp\/v2\/product_tag?post=11079"}],"curies":[{"name":"wp","href":"https:\/\/api.w.org\/{rel}","templated":true}]}}