{"id":11050,"date":"2026-02-12T18:08:59","date_gmt":"2026-02-12T18:08:59","guid":{"rendered":"https:\/\/silenthome.com\/produto\/tabuleiro-lacado-sorvete-32x16x2cm\/"},"modified":"2026-02-12T18:35:57","modified_gmt":"2026-02-12T18:35:57","slug":"tabuleiro-lacado-sorvete-32x16x2cm","status":"publish","type":"product","link":"https:\/\/silenthome.com\/es\/producto\/tabuleiro-lacado-sorvete-32x16x2cm\/","title":{"rendered":"Bandeja lacada rosa sorbete 32x16x2cm"},"content":{"rendered":"","protected":false},"excerpt":{"rendered":"<p>Esta bandeja lacada es una pieza artesanal fabricada en Vietnam, donde la tradici\u00f3n se une al dise\u00f1o contempor\u00e1neo.<\/p>\n<p>Con un meticuloso proceso de producci\u00f3n de hasta 15 capas de laca aplicadas a mano, el resultado es un acabado profundo, brillante y duradero.<br \/>\nVers\u00e1til, discreto y elegante, es un detalle que eleva y transforma cualquier estancia.<\/p>","protected":false},"featured_media":11066,"comment_status":"open","ping_status":"closed","template":"","meta":{"_acf_changed":false},"product_brand":[],"product_cat":[73,85],"product_tag":[],"class_list":{"0":"post-11050","1":"product","2":"type-product","3":"status-publish","4":"has-post-thumbnail","6":"product_cat-decoracao","7":"product_cat-tabuleiros","9":"first","10":"instock","11":"taxable","12":"shipping-taxable","13":"purchasable","14":"product-type-simple"},"acf":[],"aioseo_notices":[],"_links":{"self":[{"href":"https:\/\/silenthome.com\/es\/wp-json\/wp\/v2\/product\/11050","targetHints":{"allow":["GET"]}}],"collection":[{"href":"https:\/\/silenthome.com\/es\/wp-json\/wp\/v2\/product"}],"about":[{"href":"https:\/\/silenthome.com\/es\/wp-json\/wp\/v2\/types\/product"}],"replies":[{"embeddable":true,"href":"https:\/\/silenthome.com\/es\/wp-json\/wp\/v2\/comments?post=11050"}],"wp:featuredmedia":[{"embeddable":true,"href":"https:\/\/silenthome.com\/es\/wp-json\/wp\/v2\/media\/11066"}],"wp:attachment":[{"href":"https:\/\/silenthome.com\/es\/wp-json\/wp\/v2\/media?parent=11050"}],"wp:term":[{"taxonomy":"product_brand","embeddable":true,"href":"https:\/\/silenthome.com\/es\/wp-json\/wp\/v2\/product_brand?post=11050"},{"taxonomy":"product_cat","embeddable":true,"href":"https:\/\/silenthome.com\/es\/wp-json\/wp\/v2\/product_cat?post=11050"},{"taxonomy":"product_tag","embeddable":true,"href":"https:\/\/silenthome.com\/es\/wp-json\/wp\/v2\/product_tag?post=11050"}],"curies":[{"name":"wp","href":"https:\/\/api.w.org\/{rel}","templated":true}]}}