{"id":11048,"date":"2026-02-12T18:08:58","date_gmt":"2026-02-12T18:08:58","guid":{"rendered":"https:\/\/silenthome.com\/produto\/bandeja-laqueada-38x22-preta\/"},"modified":"2026-02-13T12:51:56","modified_gmt":"2026-02-13T12:51:56","slug":"bandeja-laqueada-38x22-preta","status":"publish","type":"product","link":"https:\/\/silenthome.com\/es\/producto\/bandeja-laqueada-38x22-preta\/","title":{"rendered":"Bandeja lacada negra 38x22x3,5cm"},"content":{"rendered":"","protected":false},"excerpt":{"rendered":"<p>Esta bandeja lacada es una pieza artesanal fabricada en Vietnam, donde la tradici\u00f3n se une al dise\u00f1o contempor\u00e1neo.<\/p>\n<p>Con un meticuloso proceso de producci\u00f3n de hasta 15 capas de laca aplicadas a mano, el resultado es un acabado profundo, brillante y duradero.<br \/>\nVers\u00e1til, discreto y elegante, es un detalle que eleva y transforma cualquier estancia.<\/p>","protected":false},"featured_media":11036,"comment_status":"open","ping_status":"closed","template":"","meta":{"_acf_changed":false},"product_brand":[],"product_cat":[73,85],"product_tag":[],"class_list":{"0":"post-11048","1":"product","2":"type-product","3":"status-publish","4":"has-post-thumbnail","6":"product_cat-decoracao","7":"product_cat-tabuleiros","9":"first","10":"instock","11":"taxable","12":"shipping-taxable","13":"purchasable","14":"product-type-simple"},"acf":[],"aioseo_notices":[],"_links":{"self":[{"href":"https:\/\/silenthome.com\/es\/wp-json\/wp\/v2\/product\/11048","targetHints":{"allow":["GET"]}}],"collection":[{"href":"https:\/\/silenthome.com\/es\/wp-json\/wp\/v2\/product"}],"about":[{"href":"https:\/\/silenthome.com\/es\/wp-json\/wp\/v2\/types\/product"}],"replies":[{"embeddable":true,"href":"https:\/\/silenthome.com\/es\/wp-json\/wp\/v2\/comments?post=11048"}],"wp:featuredmedia":[{"embeddable":true,"href":"https:\/\/silenthome.com\/es\/wp-json\/wp\/v2\/media\/11036"}],"wp:attachment":[{"href":"https:\/\/silenthome.com\/es\/wp-json\/wp\/v2\/media?parent=11048"}],"wp:term":[{"taxonomy":"product_brand","embeddable":true,"href":"https:\/\/silenthome.com\/es\/wp-json\/wp\/v2\/product_brand?post=11048"},{"taxonomy":"product_cat","embeddable":true,"href":"https:\/\/silenthome.com\/es\/wp-json\/wp\/v2\/product_cat?post=11048"},{"taxonomy":"product_tag","embeddable":true,"href":"https:\/\/silenthome.com\/es\/wp-json\/wp\/v2\/product_tag?post=11048"}],"curies":[{"name":"wp","href":"https:\/\/api.w.org\/{rel}","templated":true}]}}