{"id":11044,"date":"2026-02-12T18:08:56","date_gmt":"2026-02-12T18:08:56","guid":{"rendered":"https:\/\/silenthome.com\/produto\/caixa-decorativa-laqueada-preta-media\/"},"modified":"2026-02-12T18:25:09","modified_gmt":"2026-02-12T18:25:09","slug":"caixa-decorativa-laqueada-preta-media","status":"publish","type":"product","link":"https:\/\/silenthome.com\/es\/producto\/caixa-decorativa-laqueada-preta-media\/","title":{"rendered":"Caja decorativa lacada en negro Mediana"},"content":{"rendered":"","protected":false},"excerpt":{"rendered":"<p>Caja de MDF lacado con 13 a 15 capas de laca. 18 x 11 x 5,5 cm (altura).<\/p>\n<p>Bisagras met\u00e1licas en las esquinas.<\/p>\n<p>Exterior\/interior negro con acabado de yeso.<\/p>\n<p>Limpie la carcasa con un pa\u00f1o suave y h\u00famedo. No utilice productos de limpieza dom\u00e9sticos.<\/p>","protected":false},"featured_media":11027,"comment_status":"open","ping_status":"closed","template":"","meta":{"_acf_changed":false},"product_brand":[],"product_cat":[75,73],"product_tag":[],"class_list":{"0":"post-11044","1":"product","2":"type-product","3":"status-publish","4":"has-post-thumbnail","6":"product_cat-caixas-decorativas","7":"product_cat-decoracao","9":"first","10":"instock","11":"taxable","12":"shipping-taxable","13":"purchasable","14":"product-type-simple"},"acf":[],"aioseo_notices":[],"_links":{"self":[{"href":"https:\/\/silenthome.com\/es\/wp-json\/wp\/v2\/product\/11044","targetHints":{"allow":["GET"]}}],"collection":[{"href":"https:\/\/silenthome.com\/es\/wp-json\/wp\/v2\/product"}],"about":[{"href":"https:\/\/silenthome.com\/es\/wp-json\/wp\/v2\/types\/product"}],"replies":[{"embeddable":true,"href":"https:\/\/silenthome.com\/es\/wp-json\/wp\/v2\/comments?post=11044"}],"wp:featuredmedia":[{"embeddable":true,"href":"https:\/\/silenthome.com\/es\/wp-json\/wp\/v2\/media\/11027"}],"wp:attachment":[{"href":"https:\/\/silenthome.com\/es\/wp-json\/wp\/v2\/media?parent=11044"}],"wp:term":[{"taxonomy":"product_brand","embeddable":true,"href":"https:\/\/silenthome.com\/es\/wp-json\/wp\/v2\/product_brand?post=11044"},{"taxonomy":"product_cat","embeddable":true,"href":"https:\/\/silenthome.com\/es\/wp-json\/wp\/v2\/product_cat?post=11044"},{"taxonomy":"product_tag","embeddable":true,"href":"https:\/\/silenthome.com\/es\/wp-json\/wp\/v2\/product_tag?post=11044"}],"curies":[{"name":"wp","href":"https:\/\/api.w.org\/{rel}","templated":true}]}}