{"id":11040,"date":"2026-02-12T18:08:54","date_gmt":"2026-02-12T18:08:54","guid":{"rendered":"https:\/\/silenthome.com\/produto\/caixa-decorativa-com-libelula-mango-pequena\/"},"modified":"2026-03-09T17:48:41","modified_gmt":"2026-03-09T17:48:41","slug":"caixa-decorativa-com-libelula-mango-pequena","status":"publish","type":"product","link":"https:\/\/silenthome.com\/es\/producto\/caixa-decorativa-com-libelula-mango-pequena\/","title":{"rendered":"Caja decorativa lib\u00e9lula de mango peque\u00f1a"},"content":{"rendered":"","protected":false},"excerpt":{"rendered":"<p>Combinando tradici\u00f3n, funcionalidad y un dise\u00f1o visualmente impactante, esta elegante Caja Decorativa Lib\u00e9lula est\u00e1 hecha a mano en Vietnam. Su meticuloso acabado con hasta 15 capas de laca sobre madera MDF resalta sus colores \u00fanicos por dentro y por fuera y permite una organizaci\u00f3n pr\u00e1ctica y cuidada.<\/p>\n<p>El detalle de lib\u00e9lula de cuerno de b\u00fafalo natural aplicado al cierre a\u00f1ade un toque po\u00e9tico y simb\u00f3lico, que evoca la transformaci\u00f3n y la ligereza.<\/p>\n<p>Una pieza con alma, perfecta para guardar joyas, recuerdos o peque\u00f1os tesoros.<\/p>","protected":false},"featured_media":11014,"comment_status":"open","ping_status":"closed","template":"","meta":{"_acf_changed":false},"product_brand":[],"product_cat":[75,73],"product_tag":[],"class_list":{"0":"post-11040","1":"product","2":"type-product","3":"status-publish","4":"has-post-thumbnail","6":"product_cat-caixas-decorativas","7":"product_cat-decoracao","9":"first","10":"instock","11":"taxable","12":"shipping-taxable","13":"purchasable","14":"product-type-simple"},"acf":[],"aioseo_notices":[],"_links":{"self":[{"href":"https:\/\/silenthome.com\/es\/wp-json\/wp\/v2\/product\/11040","targetHints":{"allow":["GET"]}}],"collection":[{"href":"https:\/\/silenthome.com\/es\/wp-json\/wp\/v2\/product"}],"about":[{"href":"https:\/\/silenthome.com\/es\/wp-json\/wp\/v2\/types\/product"}],"replies":[{"embeddable":true,"href":"https:\/\/silenthome.com\/es\/wp-json\/wp\/v2\/comments?post=11040"}],"wp:featuredmedia":[{"embeddable":true,"href":"https:\/\/silenthome.com\/es\/wp-json\/wp\/v2\/media\/11014"}],"wp:attachment":[{"href":"https:\/\/silenthome.com\/es\/wp-json\/wp\/v2\/media?parent=11040"}],"wp:term":[{"taxonomy":"product_brand","embeddable":true,"href":"https:\/\/silenthome.com\/es\/wp-json\/wp\/v2\/product_brand?post=11040"},{"taxonomy":"product_cat","embeddable":true,"href":"https:\/\/silenthome.com\/es\/wp-json\/wp\/v2\/product_cat?post=11040"},{"taxonomy":"product_tag","embeddable":true,"href":"https:\/\/silenthome.com\/es\/wp-json\/wp\/v2\/product_tag?post=11040"}],"curies":[{"name":"wp","href":"https:\/\/api.w.org\/{rel}","templated":true}]}}