{"id":10989,"date":"2026-02-09T17:15:47","date_gmt":"2026-02-09T17:15:47","guid":{"rendered":"https:\/\/silenthome.com\/produto\/refill-500-ml-santal-tonka-cereria-molla-1899\/"},"modified":"2026-03-12T16:18:50","modified_gmt":"2026-03-12T16:18:50","slug":"refill-500-ml-santal-tonka-cereria-molla-1899","status":"publish","type":"product","link":"https:\/\/silenthome.com\/es\/producto\/refill-500-ml-santal-tonka-cereria-molla-1899\/","title":{"rendered":"Recarga 500 ml Santal &amp; Tonka - Cereria Moll\u00e1 1899"},"content":{"rendered":"","protected":false},"excerpt":{"rendered":"<p>Refresque su hogar con nuestra exquisita selecci\u00f3n de recambios para mikado en un c\u00f3modo formato de 500 ml.<\/p>\n<p>Una experiencia sensorial \u00fanica mientras delicados aromas se esparcen por cada rinc\u00f3n de su espacio, creando una atm\u00f3sfera acogedora y envolvente.<\/p>\n<p>Nuestro recambio Santal &amp; Tonka, una fragancia que despierta tus sentidos con su elegancia y calidez en cada rinc\u00f3n que combina notas amaderadas de cedro, tonka y cardamomo, con notas de salida de rizoma de lirio y eucalipto.<\/p>","protected":false},"featured_media":10996,"comment_status":"open","ping_status":"closed","template":"","meta":{"_acf_changed":false},"product_brand":[],"product_cat":[54,52],"product_tag":[],"class_list":{"0":"post-10989","1":"product","2":"type-product","3":"status-publish","4":"has-post-thumbnail","6":"product_cat-difusores","7":"product_cat-fragrancias","9":"first","10":"instock","11":"taxable","12":"shipping-taxable","13":"purchasable","14":"product-type-simple"},"acf":[],"aioseo_notices":[],"_links":{"self":[{"href":"https:\/\/silenthome.com\/es\/wp-json\/wp\/v2\/product\/10989","targetHints":{"allow":["GET"]}}],"collection":[{"href":"https:\/\/silenthome.com\/es\/wp-json\/wp\/v2\/product"}],"about":[{"href":"https:\/\/silenthome.com\/es\/wp-json\/wp\/v2\/types\/product"}],"replies":[{"embeddable":true,"href":"https:\/\/silenthome.com\/es\/wp-json\/wp\/v2\/comments?post=10989"}],"wp:featuredmedia":[{"embeddable":true,"href":"https:\/\/silenthome.com\/es\/wp-json\/wp\/v2\/media\/10996"}],"wp:attachment":[{"href":"https:\/\/silenthome.com\/es\/wp-json\/wp\/v2\/media?parent=10989"}],"wp:term":[{"taxonomy":"product_brand","embeddable":true,"href":"https:\/\/silenthome.com\/es\/wp-json\/wp\/v2\/product_brand?post=10989"},{"taxonomy":"product_cat","embeddable":true,"href":"https:\/\/silenthome.com\/es\/wp-json\/wp\/v2\/product_cat?post=10989"},{"taxonomy":"product_tag","embeddable":true,"href":"https:\/\/silenthome.com\/es\/wp-json\/wp\/v2\/product_tag?post=10989"}],"curies":[{"name":"wp","href":"https:\/\/api.w.org\/{rel}","templated":true}]}}