{"id":10988,"date":"2026-02-09T17:15:46","date_gmt":"2026-02-09T17:15:46","guid":{"rendered":"https:\/\/silenthome.com\/produto\/refill-500-ml-moroccan-cedar-cereria-molla-1899\/"},"modified":"2026-02-21T12:19:17","modified_gmt":"2026-02-21T12:19:17","slug":"refill-500-ml-moroccan-cedar-cereria-molla-1899","status":"publish","type":"product","link":"https:\/\/silenthome.com\/es\/producto\/refill-500-ml-moroccan-cedar-cereria-molla-1899\/","title":{"rendered":"Recambio 500 ml Cedro de Marruecos - Cereria Moll\u00e1 1899"},"content":{"rendered":"","protected":false},"excerpt":{"rendered":"<p>Renueve su hogar con nuestra exquisita selecci\u00f3n de recambios Mikado en un pr\u00e1ctico formato de 500 ml.<\/p>\n<p>Una experiencia sensorial \u00fanica, con delicados aromas que se extienden por todos los rincones de su espacio, creando una atm\u00f3sfera acogedora y envolvente.<\/p>\n<p>Nuestro recambio Moroccan Cedar captura la esencia del Mediterr\u00e1neo africano con sus notas especiadas, madera de cedro y un dulce toque oriental, evocando la sensaci\u00f3n de saborear un t\u00e9 en un patio \u00e1rabe al atardecer en el desierto.<\/p>","protected":false},"featured_media":10993,"comment_status":"open","ping_status":"closed","template":"","meta":{"_acf_changed":false},"product_brand":[],"product_cat":[54,52],"product_tag":[],"class_list":{"0":"post-10988","1":"product","2":"type-product","3":"status-publish","4":"has-post-thumbnail","6":"product_cat-difusores","7":"product_cat-fragrancias","9":"first","10":"instock","11":"taxable","12":"shipping-taxable","13":"purchasable","14":"product-type-simple"},"acf":[],"aioseo_notices":[],"_links":{"self":[{"href":"https:\/\/silenthome.com\/es\/wp-json\/wp\/v2\/product\/10988","targetHints":{"allow":["GET"]}}],"collection":[{"href":"https:\/\/silenthome.com\/es\/wp-json\/wp\/v2\/product"}],"about":[{"href":"https:\/\/silenthome.com\/es\/wp-json\/wp\/v2\/types\/product"}],"replies":[{"embeddable":true,"href":"https:\/\/silenthome.com\/es\/wp-json\/wp\/v2\/comments?post=10988"}],"wp:featuredmedia":[{"embeddable":true,"href":"https:\/\/silenthome.com\/es\/wp-json\/wp\/v2\/media\/10993"}],"wp:attachment":[{"href":"https:\/\/silenthome.com\/es\/wp-json\/wp\/v2\/media?parent=10988"}],"wp:term":[{"taxonomy":"product_brand","embeddable":true,"href":"https:\/\/silenthome.com\/es\/wp-json\/wp\/v2\/product_brand?post=10988"},{"taxonomy":"product_cat","embeddable":true,"href":"https:\/\/silenthome.com\/es\/wp-json\/wp\/v2\/product_cat?post=10988"},{"taxonomy":"product_tag","embeddable":true,"href":"https:\/\/silenthome.com\/es\/wp-json\/wp\/v2\/product_tag?post=10988"}],"curies":[{"name":"wp","href":"https:\/\/api.w.org\/{rel}","templated":true}]}}