{"id":10960,"date":"2026-01-30T14:30:46","date_gmt":"2026-01-30T14:30:46","guid":{"rendered":"https:\/\/silenthome.com\/produto\/sombrero-candeeiro-de-tecto\/"},"modified":"2026-04-01T18:28:09","modified_gmt":"2026-04-01T17:28:09","slug":"sombrero-candeeiro-de-tecto","status":"publish","type":"product","link":"https:\/\/silenthome.com\/es\/producto\/sombrero-candeeiro-de-tecto\/","title":{"rendered":"Sombrero, L\u00e1mpara de techo"},"content":{"rendered":"","protected":false},"excerpt":{"rendered":"<p data-start=\"70\" data-end=\"375\">A\u00f1ade elegancia y personalidad a tu espacio con esta l\u00e1mpara de techo colgante de dise\u00f1o contempor\u00e1neo. Su pantalla de tela en tonos neutros crea una iluminaci\u00f3n suave y acogedora, mientras que los detalles en negro a\u00f1aden contraste y sofisticaci\u00f3n, convirti\u00e9ndola en una pieza destacada en cualquier habitaci\u00f3n.<\/p>\n<p data-start=\"377\" data-end=\"581\">Su moderna forma c\u00f3nica se adapta perfectamente a comedores, salones, dormitorios o incluso espacios comerciales, combinando f\u00e1cilmente con diferentes estilos de decoraci\u00f3n, desde el minimalista al moderno.<\/p>","protected":false},"featured_media":11135,"comment_status":"open","ping_status":"closed","template":"","meta":{"_acf_changed":false},"product_brand":[],"product_cat":[87,66],"product_tag":[],"class_list":{"0":"post-10960","1":"product","2":"type-product","3":"status-publish","4":"has-post-thumbnail","6":"product_cat-candeeiros-de-tecto","7":"product_cat-iluminacao","9":"first","10":"outofstock","11":"taxable","12":"shipping-taxable","13":"purchasable","14":"product-type-simple"},"acf":[],"aioseo_notices":[],"_links":{"self":[{"href":"https:\/\/silenthome.com\/es\/wp-json\/wp\/v2\/product\/10960","targetHints":{"allow":["GET"]}}],"collection":[{"href":"https:\/\/silenthome.com\/es\/wp-json\/wp\/v2\/product"}],"about":[{"href":"https:\/\/silenthome.com\/es\/wp-json\/wp\/v2\/types\/product"}],"replies":[{"embeddable":true,"href":"https:\/\/silenthome.com\/es\/wp-json\/wp\/v2\/comments?post=10960"}],"wp:featuredmedia":[{"embeddable":true,"href":"https:\/\/silenthome.com\/es\/wp-json\/wp\/v2\/media\/11135"}],"wp:attachment":[{"href":"https:\/\/silenthome.com\/es\/wp-json\/wp\/v2\/media?parent=10960"}],"wp:term":[{"taxonomy":"product_brand","embeddable":true,"href":"https:\/\/silenthome.com\/es\/wp-json\/wp\/v2\/product_brand?post=10960"},{"taxonomy":"product_cat","embeddable":true,"href":"https:\/\/silenthome.com\/es\/wp-json\/wp\/v2\/product_cat?post=10960"},{"taxonomy":"product_tag","embeddable":true,"href":"https:\/\/silenthome.com\/es\/wp-json\/wp\/v2\/product_tag?post=10960"}],"curies":[{"name":"wp","href":"https:\/\/api.w.org\/{rel}","templated":true}]}}