{"id":10957,"date":"2026-01-30T14:30:44","date_gmt":"2026-01-30T14:30:44","guid":{"rendered":"https:\/\/silenthome.com\/produto\/duna-candeeiro-de-mesa-conico-em-linho-escuro\/"},"modified":"2026-01-30T15:03:16","modified_gmt":"2026-01-30T15:03:16","slug":"duna-candeeiro-de-mesa-conico-em-linho-escuro","status":"publish","type":"product","link":"https:\/\/silenthome.com\/es\/producto\/duna-candeeiro-de-mesa-conico-em-linho-escuro\/","title":{"rendered":"Duna, L\u00e1mpara de mesa c\u00f3nica de lino Marr\u00f3n"},"content":{"rendered":"","protected":false},"excerpt":{"rendered":"<p>Inspirada en las formas org\u00e1nicas del paisaje natural, la l\u00e1mpara de mesa c\u00f3nica Duna destaca por su elegante silueta y su envolvente difusi\u00f3n de la luz. Revestida en lino natural, es perfecta para crear un ambiente c\u00e1lido y sofisticado.<\/p>","protected":false},"featured_media":10970,"comment_status":"open","ping_status":"closed","template":"","meta":{"_acf_changed":false},"product_brand":[],"product_cat":[67,66],"product_tag":[],"class_list":{"0":"post-10957","1":"product","2":"type-product","3":"status-publish","4":"has-post-thumbnail","6":"product_cat-candeeiros-de-mesa","7":"product_cat-iluminacao","9":"first","10":"instock","11":"taxable","12":"shipping-taxable","13":"purchasable","14":"product-type-simple"},"acf":[],"aioseo_notices":[],"_links":{"self":[{"href":"https:\/\/silenthome.com\/es\/wp-json\/wp\/v2\/product\/10957","targetHints":{"allow":["GET"]}}],"collection":[{"href":"https:\/\/silenthome.com\/es\/wp-json\/wp\/v2\/product"}],"about":[{"href":"https:\/\/silenthome.com\/es\/wp-json\/wp\/v2\/types\/product"}],"replies":[{"embeddable":true,"href":"https:\/\/silenthome.com\/es\/wp-json\/wp\/v2\/comments?post=10957"}],"wp:featuredmedia":[{"embeddable":true,"href":"https:\/\/silenthome.com\/es\/wp-json\/wp\/v2\/media\/10970"}],"wp:attachment":[{"href":"https:\/\/silenthome.com\/es\/wp-json\/wp\/v2\/media?parent=10957"}],"wp:term":[{"taxonomy":"product_brand","embeddable":true,"href":"https:\/\/silenthome.com\/es\/wp-json\/wp\/v2\/product_brand?post=10957"},{"taxonomy":"product_cat","embeddable":true,"href":"https:\/\/silenthome.com\/es\/wp-json\/wp\/v2\/product_cat?post=10957"},{"taxonomy":"product_tag","embeddable":true,"href":"https:\/\/silenthome.com\/es\/wp-json\/wp\/v2\/product_tag?post=10957"}],"curies":[{"name":"wp","href":"https:\/\/api.w.org\/{rel}","templated":true}]}}