{"id":10955,"date":"2026-01-30T14:30:43","date_gmt":"2026-01-30T14:30:43","guid":{"rendered":"https:\/\/silenthome.com\/produto\/duna-candeeiro-de-mesa-cilindrico-em-linho\/"},"modified":"2026-01-30T14:53:48","modified_gmt":"2026-01-30T14:53:48","slug":"duna-candeeiro-de-mesa-cilindrico-em-linho","status":"publish","type":"product","link":"https:\/\/silenthome.com\/es\/producto\/duna-candeeiro-de-mesa-cilindrico-em-linho\/","title":{"rendered":"Duna, L\u00e1mpara de mesa cil\u00edndrica en lino"},"content":{"rendered":"","protected":false},"excerpt":{"rendered":"<p>De l\u00edneas rectas y presencia serena, la l\u00e1mpara de mesa cil\u00edndrica Duna combina lino natural y dise\u00f1o minimalista. Una pieza atemporal que crea una luz suave y acogedora, ideal para ambientes contempor\u00e1neos y tranquilos.<\/p>","protected":false},"featured_media":10966,"comment_status":"open","ping_status":"closed","template":"","meta":{"_acf_changed":false},"product_brand":[],"product_cat":[67,66],"product_tag":[],"class_list":{"0":"post-10955","1":"product","2":"type-product","3":"status-publish","4":"has-post-thumbnail","6":"product_cat-candeeiros-de-mesa","7":"product_cat-iluminacao","9":"first","10":"instock","11":"taxable","12":"shipping-taxable","13":"purchasable","14":"product-type-simple"},"acf":[],"aioseo_notices":[],"_links":{"self":[{"href":"https:\/\/silenthome.com\/es\/wp-json\/wp\/v2\/product\/10955","targetHints":{"allow":["GET"]}}],"collection":[{"href":"https:\/\/silenthome.com\/es\/wp-json\/wp\/v2\/product"}],"about":[{"href":"https:\/\/silenthome.com\/es\/wp-json\/wp\/v2\/types\/product"}],"replies":[{"embeddable":true,"href":"https:\/\/silenthome.com\/es\/wp-json\/wp\/v2\/comments?post=10955"}],"wp:featuredmedia":[{"embeddable":true,"href":"https:\/\/silenthome.com\/es\/wp-json\/wp\/v2\/media\/10966"}],"wp:attachment":[{"href":"https:\/\/silenthome.com\/es\/wp-json\/wp\/v2\/media?parent=10955"}],"wp:term":[{"taxonomy":"product_brand","embeddable":true,"href":"https:\/\/silenthome.com\/es\/wp-json\/wp\/v2\/product_brand?post=10955"},{"taxonomy":"product_cat","embeddable":true,"href":"https:\/\/silenthome.com\/es\/wp-json\/wp\/v2\/product_cat?post=10955"},{"taxonomy":"product_tag","embeddable":true,"href":"https:\/\/silenthome.com\/es\/wp-json\/wp\/v2\/product_tag?post=10955"}],"curies":[{"name":"wp","href":"https:\/\/api.w.org\/{rel}","templated":true}]}}