{"id":10794,"date":"2025-12-18T16:53:27","date_gmt":"2025-12-18T16:53:27","guid":{"rendered":"https:\/\/silenthome.com\/?post_type=product&#038;p=10794"},"modified":"2026-04-23T19:16:05","modified_gmt":"2026-04-23T18:16:05","slug":"bauhaus-basic-art-series-livro","status":"publish","type":"product","link":"https:\/\/silenthome.com\/es\/producto\/bauhaus-basic-art-series-livro\/","title":{"rendered":"Bauhaus - Serie B\u00e1sica de Arte, Libro"},"content":{"rendered":"","protected":false},"excerpt":{"rendered":"<p>En un breve periodo de catorce a\u00f1os entre dos guerras mundiales, la escuela alemana de arte y dise\u00f1o Bauhaus cambi\u00f3 la faz de la modernidad. Con ideales ut\u00f3picos para el futuro, la escuela desarroll\u00f3 una fusi\u00f3n pionera de bellas artes, artesan\u00eda y tecnolog\u00eda que se aplicar\u00eda a la pintura, la escultura, el dise\u00f1o, la arquitectura, el cine, la fotograf\u00eda, el textil, la cer\u00e1mica, el teatro y la instalaci\u00f3n. A la vez una intensa comunidad personal y un colectivo de pensamiento p\u00fablico, la Bauhaus fue fundada inicialmente por Walter Gropius (1883-1969), y cont\u00f3 entre sus miembros con Josef y Anni Albers, Wassily Kandinsky, Paul Klee, Oskar Schlemmer, Gunta St\u00f6lzl, Marianne Brandt y Ludwig Mies van der Rohe. Entre sus tres unidades sucesivas en Weimar, Dessau y Berl\u00edn, la escuela foment\u00f3 intercambios carism\u00e1ticos y creativos entre profesores y alumnos, todos variados en estilos y preferencias art\u00edsticas, pero unidos en su idealismo e inter\u00e9s por una obra de arte \u201ctotal\u201d en diferentes pr\u00e1cticas y medios.<\/p>","protected":false},"featured_media":10766,"comment_status":"open","ping_status":"closed","template":"","meta":{"_acf_changed":false},"product_brand":[],"product_cat":[113],"product_tag":[],"class_list":{"0":"post-10794","1":"product","2":"type-product","3":"status-publish","4":"has-post-thumbnail","6":"product_cat-livros","8":"first","9":"instock","10":"taxable","11":"shipping-taxable","12":"purchasable","13":"product-type-simple"},"acf":[],"aioseo_notices":[],"_links":{"self":[{"href":"https:\/\/silenthome.com\/es\/wp-json\/wp\/v2\/product\/10794","targetHints":{"allow":["GET"]}}],"collection":[{"href":"https:\/\/silenthome.com\/es\/wp-json\/wp\/v2\/product"}],"about":[{"href":"https:\/\/silenthome.com\/es\/wp-json\/wp\/v2\/types\/product"}],"replies":[{"embeddable":true,"href":"https:\/\/silenthome.com\/es\/wp-json\/wp\/v2\/comments?post=10794"}],"wp:featuredmedia":[{"embeddable":true,"href":"https:\/\/silenthome.com\/es\/wp-json\/wp\/v2\/media\/10766"}],"wp:attachment":[{"href":"https:\/\/silenthome.com\/es\/wp-json\/wp\/v2\/media?parent=10794"}],"wp:term":[{"taxonomy":"product_brand","embeddable":true,"href":"https:\/\/silenthome.com\/es\/wp-json\/wp\/v2\/product_brand?post=10794"},{"taxonomy":"product_cat","embeddable":true,"href":"https:\/\/silenthome.com\/es\/wp-json\/wp\/v2\/product_cat?post=10794"},{"taxonomy":"product_tag","embeddable":true,"href":"https:\/\/silenthome.com\/es\/wp-json\/wp\/v2\/product_tag?post=10794"}],"curies":[{"name":"wp","href":"https:\/\/api.w.org\/{rel}","templated":true}]}}