{"id":10657,"date":"2025-12-10T11:13:01","date_gmt":"2025-12-10T11:13:01","guid":{"rendered":"https:\/\/silenthome.com\/produto\/portugal-recipes-and-ingredients\/"},"modified":"2026-04-23T19:22:31","modified_gmt":"2026-04-23T18:22:31","slug":"portugal-recipes-and-ingredients","status":"publish","type":"product","link":"https:\/\/silenthome.com\/es\/producto\/portugal-recipes-and-ingredients\/","title":{"rendered":"Portugal - Recetas e ingredientes"},"content":{"rendered":"","protected":false},"excerpt":{"rendered":"<p>Un viaje culinario bellamente envasado por Portugal, con un borde rociado.<\/p>\n<p>Explore el patrimonio culinario y la innovaci\u00f3n de Portugal en este libro cautivador. Conozca a una docena de chefs portugueses de Par\u00eds a Lisboa, cada uno de los cuales comparte su particular visi\u00f3n de las ricas tradiciones gastron\u00f3micas del pa\u00eds. Desde platos cl\u00e1sicos como el Caldo Verde y el Bacalhau \u00e0 Br\u00e1s (bacalao salado, patatas y huevos), hasta creaciones modernas como las Quejidas com Ginja (tartas de queso con licor), descubra un mundo de sabores.<\/p>\n<p>Este libro es su pasaporte para saborear los diversos sabores de Portugal e incluye valiosas recomendaciones de pasteler\u00edas, supermercados imperdibles y restaurantes de moda como Musa Urban Brasserie y el restaurante Prado.<\/p>","protected":false},"featured_media":10678,"comment_status":"open","ping_status":"closed","template":"","meta":{"_acf_changed":false},"product_brand":[],"product_cat":[113],"product_tag":[],"class_list":{"0":"post-10657","1":"product","2":"type-product","3":"status-publish","4":"has-post-thumbnail","6":"product_cat-livros","8":"first","9":"instock","10":"taxable","11":"shipping-taxable","12":"purchasable","13":"product-type-simple"},"acf":[],"aioseo_notices":[],"_links":{"self":[{"href":"https:\/\/silenthome.com\/es\/wp-json\/wp\/v2\/product\/10657","targetHints":{"allow":["GET"]}}],"collection":[{"href":"https:\/\/silenthome.com\/es\/wp-json\/wp\/v2\/product"}],"about":[{"href":"https:\/\/silenthome.com\/es\/wp-json\/wp\/v2\/types\/product"}],"replies":[{"embeddable":true,"href":"https:\/\/silenthome.com\/es\/wp-json\/wp\/v2\/comments?post=10657"}],"wp:featuredmedia":[{"embeddable":true,"href":"https:\/\/silenthome.com\/es\/wp-json\/wp\/v2\/media\/10678"}],"wp:attachment":[{"href":"https:\/\/silenthome.com\/es\/wp-json\/wp\/v2\/media?parent=10657"}],"wp:term":[{"taxonomy":"product_brand","embeddable":true,"href":"https:\/\/silenthome.com\/es\/wp-json\/wp\/v2\/product_brand?post=10657"},{"taxonomy":"product_cat","embeddable":true,"href":"https:\/\/silenthome.com\/es\/wp-json\/wp\/v2\/product_cat?post=10657"},{"taxonomy":"product_tag","embeddable":true,"href":"https:\/\/silenthome.com\/es\/wp-json\/wp\/v2\/product_tag?post=10657"}],"curies":[{"name":"wp","href":"https:\/\/api.w.org\/{rel}","templated":true}]}}