{"id":10651,"date":"2025-12-10T11:13:00","date_gmt":"2025-12-10T11:13:00","guid":{"rendered":"https:\/\/silenthome.com\/produto\/little-book-of-rolex-livro\/"},"modified":"2026-04-27T20:09:52","modified_gmt":"2026-04-27T19:09:52","slug":"little-book-of-rolex-livro","status":"publish","type":"product","link":"https:\/\/silenthome.com\/es\/producto\/little-book-of-rolex-livro\/","title":{"rendered":"Peque\u00f1o libro de Rolex, Libro"},"content":{"rendered":"","protected":false},"excerpt":{"rendered":"<p>Exquisita, intemporal y duradera, Rolex es una de las marcas de relojes de lujo m\u00e1s reconocidas y solicitadas del mundo.<\/p>\n<p>Fundado en 1905, el dise\u00f1ador y fabricante suizo Rolex revolucion\u00f3 la industria relojera con dise\u00f1os innovadores que siguen dominando el mundo.<\/p>\n<p>Desde el Oyster y el Explorer hasta el Daytona y el Submariner, el Peque\u00f1o Libro de Rolex cuenta toda la historia de la marca. Repleto de im\u00e1genes impresionantes junto a textos autorizados y fascinantes, este es el libro perfecto para los incontables fans del reloj de lujo por excelencia y lleva a los Little Books of Fashion a un nuevo y apasionante panorama de los accesorios para hombre.<\/p>","protected":false},"featured_media":10698,"comment_status":"open","ping_status":"closed","template":"","meta":{"_acf_changed":false},"product_brand":[],"product_cat":[113],"product_tag":[],"class_list":{"0":"post-10651","1":"product","2":"type-product","3":"status-publish","4":"has-post-thumbnail","6":"product_cat-livros","8":"first","9":"instock","10":"taxable","11":"shipping-taxable","12":"purchasable","13":"product-type-simple"},"acf":[],"aioseo_notices":[],"_links":{"self":[{"href":"https:\/\/silenthome.com\/es\/wp-json\/wp\/v2\/product\/10651","targetHints":{"allow":["GET"]}}],"collection":[{"href":"https:\/\/silenthome.com\/es\/wp-json\/wp\/v2\/product"}],"about":[{"href":"https:\/\/silenthome.com\/es\/wp-json\/wp\/v2\/types\/product"}],"replies":[{"embeddable":true,"href":"https:\/\/silenthome.com\/es\/wp-json\/wp\/v2\/comments?post=10651"}],"wp:featuredmedia":[{"embeddable":true,"href":"https:\/\/silenthome.com\/es\/wp-json\/wp\/v2\/media\/10698"}],"wp:attachment":[{"href":"https:\/\/silenthome.com\/es\/wp-json\/wp\/v2\/media?parent=10651"}],"wp:term":[{"taxonomy":"product_brand","embeddable":true,"href":"https:\/\/silenthome.com\/es\/wp-json\/wp\/v2\/product_brand?post=10651"},{"taxonomy":"product_cat","embeddable":true,"href":"https:\/\/silenthome.com\/es\/wp-json\/wp\/v2\/product_cat?post=10651"},{"taxonomy":"product_tag","embeddable":true,"href":"https:\/\/silenthome.com\/es\/wp-json\/wp\/v2\/product_tag?post=10651"}],"curies":[{"name":"wp","href":"https:\/\/api.w.org\/{rel}","templated":true}]}}