{"id":10649,"date":"2025-12-10T11:13:00","date_gmt":"2025-12-10T11:13:00","guid":{"rendered":"https:\/\/silenthome.com\/produto\/little-book-of-hermes-livro\/"},"modified":"2026-04-23T19:16:11","modified_gmt":"2026-04-23T18:16:11","slug":"little-book-of-hermes-livro","status":"publish","type":"product","link":"https:\/\/silenthome.com\/es\/producto\/little-book-of-hermes-livro\/","title":{"rendered":"Peque\u00f1o libro de Herm\u00e8s, Libro"},"content":{"rendered":"","protected":false},"excerpt":{"rendered":"<p>Los bolsos ic\u00f3nicos, los envases reconocibles al instante, los famosos abanicos: H\u00e8rmes es la \u00faltima palabra en accesorios de lujo. A lo largo de generaciones, Herm\u00e8s ha creado accesorios innovadores y exquisitos para los clientes m\u00e1s glamurosos. Desde su taller de talabarter\u00eda del siglo XIX hasta el Par\u00eds de los a\u00f1os sesenta y m\u00e1s all\u00e1, Herm\u00e8s ha adornado los brazos y los armarios de iconos del estilo como Grace Kelly y Jane Birkin hasta Victoria Beckham y Kim Kardashian. El Peque\u00f1o Libro de Herm\u00e8s cuenta la historia de la evoluci\u00f3n de la Casa Herm\u00e8s, a trav\u00e9s de bellas ilustraciones de los art\u00edculos m\u00e1s codiciados y textos autorizados de la historiadora de la moda Karen Homer.<\/p>","protected":false},"featured_media":10682,"comment_status":"open","ping_status":"closed","template":"","meta":{"_acf_changed":false},"product_brand":[],"product_cat":[113],"product_tag":[],"class_list":{"0":"post-10649","1":"product","2":"type-product","3":"status-publish","4":"has-post-thumbnail","6":"product_cat-livros","8":"first","9":"instock","10":"taxable","11":"shipping-taxable","12":"purchasable","13":"product-type-simple"},"acf":[],"aioseo_notices":[],"_links":{"self":[{"href":"https:\/\/silenthome.com\/es\/wp-json\/wp\/v2\/product\/10649","targetHints":{"allow":["GET"]}}],"collection":[{"href":"https:\/\/silenthome.com\/es\/wp-json\/wp\/v2\/product"}],"about":[{"href":"https:\/\/silenthome.com\/es\/wp-json\/wp\/v2\/types\/product"}],"replies":[{"embeddable":true,"href":"https:\/\/silenthome.com\/es\/wp-json\/wp\/v2\/comments?post=10649"}],"wp:featuredmedia":[{"embeddable":true,"href":"https:\/\/silenthome.com\/es\/wp-json\/wp\/v2\/media\/10682"}],"wp:attachment":[{"href":"https:\/\/silenthome.com\/es\/wp-json\/wp\/v2\/media?parent=10649"}],"wp:term":[{"taxonomy":"product_brand","embeddable":true,"href":"https:\/\/silenthome.com\/es\/wp-json\/wp\/v2\/product_brand?post=10649"},{"taxonomy":"product_cat","embeddable":true,"href":"https:\/\/silenthome.com\/es\/wp-json\/wp\/v2\/product_cat?post=10649"},{"taxonomy":"product_tag","embeddable":true,"href":"https:\/\/silenthome.com\/es\/wp-json\/wp\/v2\/product_tag?post=10649"}],"curies":[{"name":"wp","href":"https:\/\/api.w.org\/{rel}","templated":true}]}}