{"id":10648,"date":"2025-12-10T11:12:59","date_gmt":"2025-12-10T11:12:59","guid":{"rendered":"https:\/\/silenthome.com\/produto\/little-book-of-prada-livro\/"},"modified":"2026-04-23T19:16:15","modified_gmt":"2026-04-23T18:16:15","slug":"little-book-of-prada-livro","status":"publish","type":"product","link":"https:\/\/silenthome.com\/es\/producto\/little-book-of-prada-livro\/","title":{"rendered":"Peque\u00f1o libro de Prada, Libro"},"content":{"rendered":"","protected":false},"excerpt":{"rendered":"<p>Elegancia y lujo discretos, tejidos tecnol\u00f3gicamente avanzados y una originalidad sublime en el dise\u00f1o son las se\u00f1as de identidad de la Casa Prada. En esta monograf\u00eda en miniatura, Laia Farran Graves documenta la historia y el legado de la marca, desde sus or\u00edgenes como fabricante de art\u00edculos de cuero hasta el imperio mundial de la moda creado por Miuccia Prada. Little Book of Prada explora la evoluci\u00f3n y las innovaciones de la marca, as\u00ed como su filosof\u00eda de dise\u00f1o, basada en el inter\u00e9s por el minimalismo y el arte contempor\u00e1neo. Im\u00e1genes de prendas individuales, instant\u00e1neas de pasarela y fotograf\u00edas de moda rinden homenaje a una de las casas de moda m\u00e1s influyentes del mundo y a la mujer que hay detr\u00e1s de ella, en un formato perfectamente dise\u00f1ado y elegante que es un regalo perfecto para cualquier amante de la moda.<\/p>","protected":false},"featured_media":10791,"comment_status":"open","ping_status":"closed","template":"","meta":{"_acf_changed":false},"product_brand":[],"product_cat":[113],"product_tag":[],"class_list":{"0":"post-10648","1":"product","2":"type-product","3":"status-publish","4":"has-post-thumbnail","6":"product_cat-livros","8":"first","9":"instock","10":"taxable","11":"shipping-taxable","12":"purchasable","13":"product-type-simple"},"acf":[],"aioseo_notices":[],"_links":{"self":[{"href":"https:\/\/silenthome.com\/es\/wp-json\/wp\/v2\/product\/10648","targetHints":{"allow":["GET"]}}],"collection":[{"href":"https:\/\/silenthome.com\/es\/wp-json\/wp\/v2\/product"}],"about":[{"href":"https:\/\/silenthome.com\/es\/wp-json\/wp\/v2\/types\/product"}],"replies":[{"embeddable":true,"href":"https:\/\/silenthome.com\/es\/wp-json\/wp\/v2\/comments?post=10648"}],"wp:featuredmedia":[{"embeddable":true,"href":"https:\/\/silenthome.com\/es\/wp-json\/wp\/v2\/media\/10791"}],"wp:attachment":[{"href":"https:\/\/silenthome.com\/es\/wp-json\/wp\/v2\/media?parent=10648"}],"wp:term":[{"taxonomy":"product_brand","embeddable":true,"href":"https:\/\/silenthome.com\/es\/wp-json\/wp\/v2\/product_brand?post=10648"},{"taxonomy":"product_cat","embeddable":true,"href":"https:\/\/silenthome.com\/es\/wp-json\/wp\/v2\/product_cat?post=10648"},{"taxonomy":"product_tag","embeddable":true,"href":"https:\/\/silenthome.com\/es\/wp-json\/wp\/v2\/product_tag?post=10648"}],"curies":[{"name":"wp","href":"https:\/\/api.w.org\/{rel}","templated":true}]}}