{"id":10647,"date":"2025-12-10T11:12:59","date_gmt":"2025-12-10T11:12:59","guid":{"rendered":"https:\/\/silenthome.com\/produto\/little-book-of-valentino-livro\/"},"modified":"2026-04-23T19:16:14","modified_gmt":"2026-04-23T18:16:14","slug":"little-book-of-valentino-livro","status":"publish","type":"product","link":"https:\/\/silenthome.com\/es\/producto\/little-book-of-valentino-livro\/","title":{"rendered":"Peque\u00f1o libro de Valentino, Libro"},"content":{"rendered":"","protected":false},"excerpt":{"rendered":"<p>Desde que fund\u00f3 la Casa Valentino en la Roma de los a\u00f1os 50, Garavani ha sido c\u00e9lebre por la elegancia de sus dise\u00f1os. Sus deslumbrantes vestidos en su caracter\u00edstico rojo Valentino han sido codiciados por la jet set durante m\u00e1s de medio siglo y siguen representando la cumbre del glamour de la alfombra roja. Little Book of Valentino cuenta la historia de esta marca tan elegante. Comenzando con la iniciaci\u00f3n de Garavani en el mundo de la alta costura en el Par\u00eds de los a\u00f1os 50, pasando por la vibrante escena social del Nueva York de los 70 y el dominio de Valentino en Hollywood desde los a\u00f1os 80 hasta nuestros d\u00edas, las im\u00e1genes de cada deslumbrante \u00e9poca est\u00e1n bellamente reproducidas junto a textos que exploran el significado de cada impresionante pieza.<\/p>","protected":false},"featured_media":10784,"comment_status":"open","ping_status":"closed","template":"","meta":{"_acf_changed":false},"product_brand":[],"product_cat":[113],"product_tag":[],"class_list":{"0":"post-10647","1":"product","2":"type-product","3":"status-publish","4":"has-post-thumbnail","6":"product_cat-livros","8":"first","9":"instock","10":"taxable","11":"shipping-taxable","12":"purchasable","13":"product-type-simple"},"acf":[],"aioseo_notices":[],"_links":{"self":[{"href":"https:\/\/silenthome.com\/es\/wp-json\/wp\/v2\/product\/10647","targetHints":{"allow":["GET"]}}],"collection":[{"href":"https:\/\/silenthome.com\/es\/wp-json\/wp\/v2\/product"}],"about":[{"href":"https:\/\/silenthome.com\/es\/wp-json\/wp\/v2\/types\/product"}],"replies":[{"embeddable":true,"href":"https:\/\/silenthome.com\/es\/wp-json\/wp\/v2\/comments?post=10647"}],"wp:featuredmedia":[{"embeddable":true,"href":"https:\/\/silenthome.com\/es\/wp-json\/wp\/v2\/media\/10784"}],"wp:attachment":[{"href":"https:\/\/silenthome.com\/es\/wp-json\/wp\/v2\/media?parent=10647"}],"wp:term":[{"taxonomy":"product_brand","embeddable":true,"href":"https:\/\/silenthome.com\/es\/wp-json\/wp\/v2\/product_brand?post=10647"},{"taxonomy":"product_cat","embeddable":true,"href":"https:\/\/silenthome.com\/es\/wp-json\/wp\/v2\/product_cat?post=10647"},{"taxonomy":"product_tag","embeddable":true,"href":"https:\/\/silenthome.com\/es\/wp-json\/wp\/v2\/product_tag?post=10647"}],"curies":[{"name":"wp","href":"https:\/\/api.w.org\/{rel}","templated":true}]}}