{"id":10646,"date":"2025-12-10T11:12:59","date_gmt":"2025-12-10T11:12:59","guid":{"rendered":"https:\/\/silenthome.com\/produto\/little-book-of-givenchy-livro\/"},"modified":"2026-04-23T19:16:14","modified_gmt":"2026-04-23T18:16:14","slug":"little-book-of-givenchy-livro","status":"publish","type":"product","link":"https:\/\/silenthome.com\/es\/producto\/little-book-of-givenchy-livro\/","title":{"rendered":"Peque\u00f1o libro de Givenchy, Libro"},"content":{"rendered":"","protected":false},"excerpt":{"rendered":"<p>Es algo fabuloso dar vida al tejido, hacer que algo se mueva bien, la armon\u00eda de los colores. - Hubert de Givenchy<\/p>\n<p>Desde que Audrey Hepburn se plant\u00f3 frente a Tiffany's, croissant en mano, Givenchy ha sido la \u00faltima palabra en alta costura elegante. Sus l\u00edneas limpias e impactantes y sus siluetas cl\u00e1sicas y femeninas han cautivado a mujeres que van desde la Duquesa de Sussex hasta Kendall Jenner, todas ellas amantes del romanticismo y la sofisticaci\u00f3n de un conjunto Givenchy. M\u00e1s escultor que dise\u00f1ador, Hubert de Givenchy ha creado una casa absolutamente atemporal.<\/p>\n<p>Este volumen profusamente ilustrado explora la historia de la marca, desde su creaci\u00f3n en 1952 hasta su liderazgo y sus dise\u00f1os actuales. A trav\u00e9s de una cuidada selecci\u00f3n de dise\u00f1os finalizados, detalles en primer plano y momentos clave, este libro arroja luz sobre el deslumbrante mundo de Givenchy.<\/p>","protected":false},"featured_media":10774,"comment_status":"open","ping_status":"closed","template":"","meta":{"_acf_changed":false},"product_brand":[],"product_cat":[113],"product_tag":[],"class_list":{"0":"post-10646","1":"product","2":"type-product","3":"status-publish","4":"has-post-thumbnail","6":"product_cat-livros","8":"first","9":"instock","10":"taxable","11":"shipping-taxable","12":"purchasable","13":"product-type-simple"},"acf":[],"aioseo_notices":[],"_links":{"self":[{"href":"https:\/\/silenthome.com\/es\/wp-json\/wp\/v2\/product\/10646","targetHints":{"allow":["GET"]}}],"collection":[{"href":"https:\/\/silenthome.com\/es\/wp-json\/wp\/v2\/product"}],"about":[{"href":"https:\/\/silenthome.com\/es\/wp-json\/wp\/v2\/types\/product"}],"replies":[{"embeddable":true,"href":"https:\/\/silenthome.com\/es\/wp-json\/wp\/v2\/comments?post=10646"}],"wp:featuredmedia":[{"embeddable":true,"href":"https:\/\/silenthome.com\/es\/wp-json\/wp\/v2\/media\/10774"}],"wp:attachment":[{"href":"https:\/\/silenthome.com\/es\/wp-json\/wp\/v2\/media?parent=10646"}],"wp:term":[{"taxonomy":"product_brand","embeddable":true,"href":"https:\/\/silenthome.com\/es\/wp-json\/wp\/v2\/product_brand?post=10646"},{"taxonomy":"product_cat","embeddable":true,"href":"https:\/\/silenthome.com\/es\/wp-json\/wp\/v2\/product_cat?post=10646"},{"taxonomy":"product_tag","embeddable":true,"href":"https:\/\/silenthome.com\/es\/wp-json\/wp\/v2\/product_tag?post=10646"}],"curies":[{"name":"wp","href":"https:\/\/api.w.org\/{rel}","templated":true}]}}