{"id":10606,"date":"2025-11-28T16:16:34","date_gmt":"2025-11-28T16:16:34","guid":{"rendered":"https:\/\/silenthome.com\/produto\/hoza-banco-bege\/"},"modified":"2026-04-01T23:17:20","modified_gmt":"2026-04-01T22:17:20","slug":"hoza-banco-bege","status":"publish","type":"product","link":"https:\/\/silenthome.com\/es\/producto\/hoza-banco-bege\/","title":{"rendered":"Hoza, Banco beige"},"content":{"rendered":"","protected":false},"excerpt":{"rendered":"<p>Este taburete de tela acolchada de color beige ofrece comodidad y un estilo discreto que se integra f\u00e1cilmente en distintos ambientes. Su forma sencilla y elegante lo hace ideal para utilizarlo como asiento adicional, apoyo en una entrada, dormitorio o sala de estar. Una pieza pr\u00e1ctica y vers\u00e1til que a\u00f1ade suavidad y armon\u00eda a la decoraci\u00f3n.<\/p>","protected":false},"featured_media":10831,"comment_status":"open","ping_status":"closed","template":"","meta":{"_acf_changed":false},"product_brand":[],"product_cat":[70],"product_tag":[],"class_list":{"0":"post-10606","1":"product","2":"type-product","3":"status-publish","4":"has-post-thumbnail","6":"product_cat-bancos","8":"first","9":"instock","10":"taxable","11":"shipping-taxable","12":"purchasable","13":"product-type-simple"},"acf":[],"aioseo_notices":[],"_links":{"self":[{"href":"https:\/\/silenthome.com\/es\/wp-json\/wp\/v2\/product\/10606","targetHints":{"allow":["GET"]}}],"collection":[{"href":"https:\/\/silenthome.com\/es\/wp-json\/wp\/v2\/product"}],"about":[{"href":"https:\/\/silenthome.com\/es\/wp-json\/wp\/v2\/types\/product"}],"replies":[{"embeddable":true,"href":"https:\/\/silenthome.com\/es\/wp-json\/wp\/v2\/comments?post=10606"}],"wp:featuredmedia":[{"embeddable":true,"href":"https:\/\/silenthome.com\/es\/wp-json\/wp\/v2\/media\/10831"}],"wp:attachment":[{"href":"https:\/\/silenthome.com\/es\/wp-json\/wp\/v2\/media?parent=10606"}],"wp:term":[{"taxonomy":"product_brand","embeddable":true,"href":"https:\/\/silenthome.com\/es\/wp-json\/wp\/v2\/product_brand?post=10606"},{"taxonomy":"product_cat","embeddable":true,"href":"https:\/\/silenthome.com\/es\/wp-json\/wp\/v2\/product_cat?post=10606"},{"taxonomy":"product_tag","embeddable":true,"href":"https:\/\/silenthome.com\/es\/wp-json\/wp\/v2\/product_tag?post=10606"}],"curies":[{"name":"wp","href":"https:\/\/api.w.org\/{rel}","templated":true}]}}