{"id":10560,"date":"2025-11-28T12:31:18","date_gmt":"2025-11-28T12:31:18","guid":{"rendered":"https:\/\/silenthome.com\/produto\/lop-by-bang-candeeiro-rectangular-dreamy-grande\/"},"modified":"2025-11-29T16:15:46","modified_gmt":"2025-11-29T16:15:46","slug":"lop-by-bang-candeeiro-rectangular-dreamy-grande","status":"publish","type":"product","link":"https:\/\/silenthome.com\/es\/producto\/lop-by-bang-candeeiro-rectangular-dreamy-grande\/","title":{"rendered":"LOP by BANG - L\u00e1mpara rectangular grande Dreamy"},"content":{"rendered":"","protected":false},"excerpt":{"rendered":"<p>L\u00e1mparas L\u1edaP de B\u1eb1NG - Creadas en Vietnam por el dise\u00f1ador franc\u00e9s Thomas Vincent, con un compromiso con la artesan\u00eda excelente, el dise\u00f1o innovador y la fabricaci\u00f3n de calidad, las l\u00e1mparas de mesa se adaptan a una gran variedad de estilos y ambientes interiores. La combinaci\u00f3n de la esfera et\u00e9rea con las capas transl\u00facidas crea una sensaci\u00f3n de ligereza y fluidez.<\/p>","protected":false},"featured_media":10579,"comment_status":"open","ping_status":"closed","template":"","meta":{"_acf_changed":false},"product_brand":[],"product_cat":[67],"product_tag":[],"class_list":{"0":"post-10560","1":"product","2":"type-product","3":"status-publish","4":"has-post-thumbnail","6":"product_cat-candeeiros-de-mesa","8":"first","9":"instock","10":"taxable","11":"shipping-taxable","12":"purchasable","13":"product-type-simple"},"acf":[],"aioseo_notices":[],"_links":{"self":[{"href":"https:\/\/silenthome.com\/es\/wp-json\/wp\/v2\/product\/10560","targetHints":{"allow":["GET"]}}],"collection":[{"href":"https:\/\/silenthome.com\/es\/wp-json\/wp\/v2\/product"}],"about":[{"href":"https:\/\/silenthome.com\/es\/wp-json\/wp\/v2\/types\/product"}],"replies":[{"embeddable":true,"href":"https:\/\/silenthome.com\/es\/wp-json\/wp\/v2\/comments?post=10560"}],"wp:featuredmedia":[{"embeddable":true,"href":"https:\/\/silenthome.com\/es\/wp-json\/wp\/v2\/media\/10579"}],"wp:attachment":[{"href":"https:\/\/silenthome.com\/es\/wp-json\/wp\/v2\/media?parent=10560"}],"wp:term":[{"taxonomy":"product_brand","embeddable":true,"href":"https:\/\/silenthome.com\/es\/wp-json\/wp\/v2\/product_brand?post=10560"},{"taxonomy":"product_cat","embeddable":true,"href":"https:\/\/silenthome.com\/es\/wp-json\/wp\/v2\/product_cat?post=10560"},{"taxonomy":"product_tag","embeddable":true,"href":"https:\/\/silenthome.com\/es\/wp-json\/wp\/v2\/product_tag?post=10560"}],"curies":[{"name":"wp","href":"https:\/\/api.w.org\/{rel}","templated":true}]}}