{"id":10557,"date":"2025-11-28T12:31:18","date_gmt":"2025-11-28T12:31:18","guid":{"rendered":"https:\/\/silenthome.com\/produto\/drape-quadro-decorativo-3d-180x140x5-cm\/"},"modified":"2026-04-01T11:37:10","modified_gmt":"2026-04-01T10:37:10","slug":"drape-azul-quadro-decorativo-3d-180x140x5-cm","status":"publish","type":"product","link":"https:\/\/silenthome.com\/es\/producto\/drape-azul-quadro-decorativo-3d-180x140x5-cm\/","title":{"rendered":"PA\u00d1O AZUL, TABLERO DECORATIVO 3D 180X140X5 CM"},"content":{"rendered":"","protected":false},"excerpt":{"rendered":"<p>Cuadro art\u00edstico con textura 3D, inspirado en formas org\u00e1nicas y ondulantes. Una pieza llamativa que a\u00f1ade profundidad y modernidad a la habitaci\u00f3n.<\/p>","protected":false},"featured_media":10596,"comment_status":"open","ping_status":"closed","template":"","meta":{"_acf_changed":false},"product_brand":[],"product_cat":[71],"product_tag":[],"class_list":{"0":"post-10557","1":"product","2":"type-product","3":"status-publish","4":"has-post-thumbnail","6":"product_cat-arte","8":"first","9":"instock","10":"taxable","11":"shipping-taxable","12":"purchasable","13":"product-type-simple"},"acf":[],"aioseo_notices":[],"_links":{"self":[{"href":"https:\/\/silenthome.com\/es\/wp-json\/wp\/v2\/product\/10557","targetHints":{"allow":["GET"]}}],"collection":[{"href":"https:\/\/silenthome.com\/es\/wp-json\/wp\/v2\/product"}],"about":[{"href":"https:\/\/silenthome.com\/es\/wp-json\/wp\/v2\/types\/product"}],"replies":[{"embeddable":true,"href":"https:\/\/silenthome.com\/es\/wp-json\/wp\/v2\/comments?post=10557"}],"wp:featuredmedia":[{"embeddable":true,"href":"https:\/\/silenthome.com\/es\/wp-json\/wp\/v2\/media\/10596"}],"wp:attachment":[{"href":"https:\/\/silenthome.com\/es\/wp-json\/wp\/v2\/media?parent=10557"}],"wp:term":[{"taxonomy":"product_brand","embeddable":true,"href":"https:\/\/silenthome.com\/es\/wp-json\/wp\/v2\/product_brand?post=10557"},{"taxonomy":"product_cat","embeddable":true,"href":"https:\/\/silenthome.com\/es\/wp-json\/wp\/v2\/product_cat?post=10557"},{"taxonomy":"product_tag","embeddable":true,"href":"https:\/\/silenthome.com\/es\/wp-json\/wp\/v2\/product_tag?post=10557"}],"curies":[{"name":"wp","href":"https:\/\/api.w.org\/{rel}","templated":true}]}}