{"id":10411,"date":"2025-10-21T14:35:53","date_gmt":"2025-10-21T13:35:53","guid":{"rendered":"https:\/\/silenthome.com\/produto\/laco-decorativo-de-natal-dourado-60cm-2\/"},"modified":"2026-02-01T10:39:47","modified_gmt":"2026-02-01T10:39:47","slug":"laco-decorativo-de-natal-dourado-60cm-2","status":"publish","type":"product","link":"https:\/\/silenthome.com\/es\/producto\/laco-decorativo-de-natal-dourado-60cm-2\/","title":{"rendered":"Lazo decorativo de Navidad dorado 60 cm"},"content":{"rendered":"","protected":false},"excerpt":{"rendered":"<p>Un cl\u00e1sico intemporal de la decoraci\u00f3n navide\u00f1a. Este lazo dorado, lleno de brillo y elegancia, es perfecto para realzar tu \u00e1rbol de Navidad o completar cualquier arreglo festivo.<\/p>","protected":false},"featured_media":10421,"comment_status":"open","ping_status":"closed","template":"","meta":{"_acf_changed":false},"product_brand":[],"product_cat":[112],"product_tag":[],"class_list":{"0":"post-10411","1":"product","2":"type-product","3":"status-publish","4":"has-post-thumbnail","6":"product_cat-natal","8":"first","9":"instock","10":"taxable","11":"shipping-taxable","12":"purchasable","13":"product-type-simple"},"acf":[],"aioseo_notices":[],"_links":{"self":[{"href":"https:\/\/silenthome.com\/es\/wp-json\/wp\/v2\/product\/10411","targetHints":{"allow":["GET"]}}],"collection":[{"href":"https:\/\/silenthome.com\/es\/wp-json\/wp\/v2\/product"}],"about":[{"href":"https:\/\/silenthome.com\/es\/wp-json\/wp\/v2\/types\/product"}],"replies":[{"embeddable":true,"href":"https:\/\/silenthome.com\/es\/wp-json\/wp\/v2\/comments?post=10411"}],"wp:featuredmedia":[{"embeddable":true,"href":"https:\/\/silenthome.com\/es\/wp-json\/wp\/v2\/media\/10421"}],"wp:attachment":[{"href":"https:\/\/silenthome.com\/es\/wp-json\/wp\/v2\/media?parent=10411"}],"wp:term":[{"taxonomy":"product_brand","embeddable":true,"href":"https:\/\/silenthome.com\/es\/wp-json\/wp\/v2\/product_brand?post=10411"},{"taxonomy":"product_cat","embeddable":true,"href":"https:\/\/silenthome.com\/es\/wp-json\/wp\/v2\/product_cat?post=10411"},{"taxonomy":"product_tag","embeddable":true,"href":"https:\/\/silenthome.com\/es\/wp-json\/wp\/v2\/product_tag?post=10411"}],"curies":[{"name":"wp","href":"https:\/\/api.w.org\/{rel}","templated":true}]}}