{"id":10276,"date":"2025-10-20T15:13:21","date_gmt":"2025-10-20T14:13:21","guid":{"rendered":"https:\/\/silenthome.com\/produto\/vela-arvore-de-natal-aromatica-dourada\/"},"modified":"2026-02-01T10:40:16","modified_gmt":"2026-02-01T10:40:16","slug":"vela-arvore-de-natal-aromatica-dourada","status":"publish","type":"product","link":"https:\/\/silenthome.com\/es\/producto\/vela-arvore-de-natal-aromatica-dourada\/","title":{"rendered":"Vela Arom\u00e1tica Dorada \u00c1rbol de Navidad"},"content":{"rendered":"","protected":false},"excerpt":{"rendered":"<p>Crea un ambiente acogedor y festivo con esta vela perfumada en forma de \u00e1rbol de Navidad. Con un elegante acabado met\u00e1lico, esta pieza combina el tradicional encanto navide\u00f1o con un dise\u00f1o moderno y sofisticado.<\/p>\n<p>La vela se presenta en un decorativo recipiente de cristal con tapa, que permite reutilizar el tarro como elemento decorativo tras su uso. Su envolvente aroma llena la habitaci\u00f3n con notas c\u00e1lidas y acogedoras, perfectas para la \u00e9poca navide\u00f1a.<br \/>\nAroma: Abeto y le\u00f1a, amaderado<\/p>","protected":false},"featured_media":10392,"comment_status":"open","ping_status":"closed","template":"","meta":{"_acf_changed":false},"product_brand":[],"product_cat":[112],"product_tag":[],"class_list":{"0":"post-10276","1":"product","2":"type-product","3":"status-publish","4":"has-post-thumbnail","6":"product_cat-natal","8":"first","9":"instock","10":"taxable","11":"shipping-taxable","12":"purchasable","13":"product-type-simple"},"acf":[],"aioseo_notices":[],"_links":{"self":[{"href":"https:\/\/silenthome.com\/es\/wp-json\/wp\/v2\/product\/10276","targetHints":{"allow":["GET"]}}],"collection":[{"href":"https:\/\/silenthome.com\/es\/wp-json\/wp\/v2\/product"}],"about":[{"href":"https:\/\/silenthome.com\/es\/wp-json\/wp\/v2\/types\/product"}],"replies":[{"embeddable":true,"href":"https:\/\/silenthome.com\/es\/wp-json\/wp\/v2\/comments?post=10276"}],"wp:featuredmedia":[{"embeddable":true,"href":"https:\/\/silenthome.com\/es\/wp-json\/wp\/v2\/media\/10392"}],"wp:attachment":[{"href":"https:\/\/silenthome.com\/es\/wp-json\/wp\/v2\/media?parent=10276"}],"wp:term":[{"taxonomy":"product_brand","embeddable":true,"href":"https:\/\/silenthome.com\/es\/wp-json\/wp\/v2\/product_brand?post=10276"},{"taxonomy":"product_cat","embeddable":true,"href":"https:\/\/silenthome.com\/es\/wp-json\/wp\/v2\/product_cat?post=10276"},{"taxonomy":"product_tag","embeddable":true,"href":"https:\/\/silenthome.com\/es\/wp-json\/wp\/v2\/product_tag?post=10276"}],"curies":[{"name":"wp","href":"https:\/\/api.w.org\/{rel}","templated":true}]}}