{"id":10268,"date":"2025-10-20T15:13:18","date_gmt":"2025-10-20T14:13:18","guid":{"rendered":"https:\/\/silenthome.com\/produto\/arvore-de-natal-decorativa-espelhada-vermelha-38cm\/"},"modified":"2026-02-01T10:40:31","modified_gmt":"2026-02-01T10:40:31","slug":"arvore-de-natal-decorativa-espelhada-vermelha-38cm","status":"publish","type":"product","link":"https:\/\/silenthome.com\/es\/producto\/arvore-de-natal-decorativa-espelhada-vermelha-38cm\/","title":{"rendered":"\u00c1rbol de Navidad decorativo con espejos rojos 38cm"},"content":{"rendered":"","protected":false},"excerpt":{"rendered":"<p>A\u00f1ade un toque de elegancia y brillo a tu decoraci\u00f3n navide\u00f1a con este \u00e1rbol decorativo. Con su moderno dise\u00f1o en capas y su acabado brillante, estas piezas son perfectas para crear un sofisticado ambiente festivo.<\/p>","protected":false},"featured_media":10373,"comment_status":"open","ping_status":"closed","template":"","meta":{"_acf_changed":false},"product_brand":[],"product_cat":[112],"product_tag":[],"class_list":{"0":"post-10268","1":"product","2":"type-product","3":"status-publish","4":"has-post-thumbnail","6":"product_cat-natal","8":"first","9":"instock","10":"taxable","11":"shipping-taxable","12":"purchasable","13":"product-type-simple"},"acf":[],"aioseo_notices":[],"_links":{"self":[{"href":"https:\/\/silenthome.com\/es\/wp-json\/wp\/v2\/product\/10268","targetHints":{"allow":["GET"]}}],"collection":[{"href":"https:\/\/silenthome.com\/es\/wp-json\/wp\/v2\/product"}],"about":[{"href":"https:\/\/silenthome.com\/es\/wp-json\/wp\/v2\/types\/product"}],"replies":[{"embeddable":true,"href":"https:\/\/silenthome.com\/es\/wp-json\/wp\/v2\/comments?post=10268"}],"wp:featuredmedia":[{"embeddable":true,"href":"https:\/\/silenthome.com\/es\/wp-json\/wp\/v2\/media\/10373"}],"wp:attachment":[{"href":"https:\/\/silenthome.com\/es\/wp-json\/wp\/v2\/media?parent=10268"}],"wp:term":[{"taxonomy":"product_brand","embeddable":true,"href":"https:\/\/silenthome.com\/es\/wp-json\/wp\/v2\/product_brand?post=10268"},{"taxonomy":"product_cat","embeddable":true,"href":"https:\/\/silenthome.com\/es\/wp-json\/wp\/v2\/product_cat?post=10268"},{"taxonomy":"product_tag","embeddable":true,"href":"https:\/\/silenthome.com\/es\/wp-json\/wp\/v2\/product_tag?post=10268"}],"curies":[{"name":"wp","href":"https:\/\/api.w.org\/{rel}","templated":true}]}}