{"id":10255,"date":"2025-10-20T13:03:56","date_gmt":"2025-10-20T12:03:56","guid":{"rendered":"https:\/\/silenthome.com\/produto\/candy-suporte-de-vela-vermelho-e-branco-85x13cm\/"},"modified":"2026-02-23T18:29:11","modified_gmt":"2026-02-23T18:29:11","slug":"candy-suporte-de-vela-vermelho-e-branco-85x13cm","status":"publish","type":"product","link":"https:\/\/silenthome.com\/es\/producto\/candy-suporte-de-vela-vermelho-e-branco-85x13cm\/","title":{"rendered":"Portavelas Candy, Rojo y Blanco 8.5x13cm"},"content":{"rendered":"","protected":false},"excerpt":{"rendered":"<p>Inspirado en las formas y colores de los dulces navide\u00f1os, este portavelas de la colecci\u00f3n Candy crea un ambiente dulce y acogedor. Un detalle encantador para completar la decoraci\u00f3n de tu mesa o fiesta.<\/p>","protected":false},"featured_media":10356,"comment_status":"open","ping_status":"closed","template":"","meta":{"_acf_changed":false},"product_brand":[],"product_cat":[112],"product_tag":[],"class_list":{"0":"post-10255","1":"product","2":"type-product","3":"status-publish","4":"has-post-thumbnail","6":"product_cat-natal","8":"first","9":"outofstock","10":"taxable","11":"shipping-taxable","12":"purchasable","13":"product-type-simple"},"acf":[],"aioseo_notices":[],"_links":{"self":[{"href":"https:\/\/silenthome.com\/es\/wp-json\/wp\/v2\/product\/10255","targetHints":{"allow":["GET"]}}],"collection":[{"href":"https:\/\/silenthome.com\/es\/wp-json\/wp\/v2\/product"}],"about":[{"href":"https:\/\/silenthome.com\/es\/wp-json\/wp\/v2\/types\/product"}],"replies":[{"embeddable":true,"href":"https:\/\/silenthome.com\/es\/wp-json\/wp\/v2\/comments?post=10255"}],"wp:featuredmedia":[{"embeddable":true,"href":"https:\/\/silenthome.com\/es\/wp-json\/wp\/v2\/media\/10356"}],"wp:attachment":[{"href":"https:\/\/silenthome.com\/es\/wp-json\/wp\/v2\/media?parent=10255"}],"wp:term":[{"taxonomy":"product_brand","embeddable":true,"href":"https:\/\/silenthome.com\/es\/wp-json\/wp\/v2\/product_brand?post=10255"},{"taxonomy":"product_cat","embeddable":true,"href":"https:\/\/silenthome.com\/es\/wp-json\/wp\/v2\/product_cat?post=10255"},{"taxonomy":"product_tag","embeddable":true,"href":"https:\/\/silenthome.com\/es\/wp-json\/wp\/v2\/product_tag?post=10255"}],"curies":[{"name":"wp","href":"https:\/\/api.w.org\/{rel}","templated":true}]}}