{"id":10249,"date":"2025-10-20T13:03:55","date_gmt":"2025-10-20T12:03:55","guid":{"rendered":"https:\/\/silenthome.com\/produto\/lollipop-enfeite-de-natal-rosa-e-amarelo-35cm\/"},"modified":"2026-02-01T10:40:44","modified_gmt":"2026-02-01T10:40:44","slug":"lollipop-enfeite-de-natal-rosa-e-amarelo-35cm","status":"publish","type":"product","link":"https:\/\/silenthome.com\/es\/producto\/lollipop-enfeite-de-natal-rosa-e-amarelo-35cm\/","title":{"rendered":"Piruleta, Adorno de Navidad rosa y amarillo 29cm"},"content":{"rendered":"","protected":false},"excerpt":{"rendered":"<p>Inspirados en las tradicionales piruletas de colores, estos adornos son perfectos para dar un toque l\u00fadico y original a tu \u00e1rbol de Navidad. Con detalles brillantes y un dise\u00f1o irresistible, las piruletas decorativas de la colecci\u00f3n Candy evocan el esp\u00edritu dulce y m\u00e1gico de las fiestas.<\/p>","protected":false},"featured_media":10453,"comment_status":"open","ping_status":"closed","template":"","meta":{"_acf_changed":false},"product_brand":[],"product_cat":[112],"product_tag":[],"class_list":{"0":"post-10249","1":"product","2":"type-product","3":"status-publish","4":"has-post-thumbnail","6":"product_cat-natal","8":"first","9":"instock","10":"taxable","11":"shipping-taxable","12":"purchasable","13":"product-type-simple"},"acf":[],"aioseo_notices":[],"_links":{"self":[{"href":"https:\/\/silenthome.com\/es\/wp-json\/wp\/v2\/product\/10249","targetHints":{"allow":["GET"]}}],"collection":[{"href":"https:\/\/silenthome.com\/es\/wp-json\/wp\/v2\/product"}],"about":[{"href":"https:\/\/silenthome.com\/es\/wp-json\/wp\/v2\/types\/product"}],"replies":[{"embeddable":true,"href":"https:\/\/silenthome.com\/es\/wp-json\/wp\/v2\/comments?post=10249"}],"wp:featuredmedia":[{"embeddable":true,"href":"https:\/\/silenthome.com\/es\/wp-json\/wp\/v2\/media\/10453"}],"wp:attachment":[{"href":"https:\/\/silenthome.com\/es\/wp-json\/wp\/v2\/media?parent=10249"}],"wp:term":[{"taxonomy":"product_brand","embeddable":true,"href":"https:\/\/silenthome.com\/es\/wp-json\/wp\/v2\/product_brand?post=10249"},{"taxonomy":"product_cat","embeddable":true,"href":"https:\/\/silenthome.com\/es\/wp-json\/wp\/v2\/product_cat?post=10249"},{"taxonomy":"product_tag","embeddable":true,"href":"https:\/\/silenthome.com\/es\/wp-json\/wp\/v2\/product_tag?post=10249"}],"curies":[{"name":"wp","href":"https:\/\/api.w.org\/{rel}","templated":true}]}}