{"id":10244,"date":"2025-10-20T13:03:54","date_gmt":"2025-10-20T12:03:54","guid":{"rendered":"https:\/\/silenthome.com\/produto\/candy-cane-enfeite-de-natal-disco-52cm\/"},"modified":"2026-02-01T10:40:52","modified_gmt":"2026-02-01T10:40:52","slug":"candy-cane-enfeite-de-natal-disco-52cm","status":"publish","type":"product","link":"https:\/\/silenthome.com\/es\/producto\/candy-cane-enfeite-de-natal-disco-52cm\/","title":{"rendered":"Bast\u00f3n de caramelo, Disco Adorno de Navidad 52cm"},"content":{"rendered":"","protected":false},"excerpt":{"rendered":"<p>Los cl\u00e1sicos bastones de caramelo cobran nueva vida en esta versi\u00f3n decorativa llena de brillo y color. Cu\u00e9lgalos en el \u00e1rbol o util\u00edzalos en los centros de mesa para conseguir un aspecto tradicional, pero con un toque moderno y divertido. \u00a1Un s\u00edmbolo navide\u00f1o que nunca pasa de moda!<\/p>","protected":false},"featured_media":10444,"comment_status":"open","ping_status":"closed","template":"","meta":{"_acf_changed":false},"product_brand":[],"product_cat":[112],"product_tag":[],"class_list":{"0":"post-10244","1":"product","2":"type-product","3":"status-publish","4":"has-post-thumbnail","6":"product_cat-natal","8":"first","9":"instock","10":"taxable","11":"shipping-taxable","12":"purchasable","13":"product-type-simple"},"acf":[],"aioseo_notices":[],"_links":{"self":[{"href":"https:\/\/silenthome.com\/es\/wp-json\/wp\/v2\/product\/10244","targetHints":{"allow":["GET"]}}],"collection":[{"href":"https:\/\/silenthome.com\/es\/wp-json\/wp\/v2\/product"}],"about":[{"href":"https:\/\/silenthome.com\/es\/wp-json\/wp\/v2\/types\/product"}],"replies":[{"embeddable":true,"href":"https:\/\/silenthome.com\/es\/wp-json\/wp\/v2\/comments?post=10244"}],"wp:featuredmedia":[{"embeddable":true,"href":"https:\/\/silenthome.com\/es\/wp-json\/wp\/v2\/media\/10444"}],"wp:attachment":[{"href":"https:\/\/silenthome.com\/es\/wp-json\/wp\/v2\/media?parent=10244"}],"wp:term":[{"taxonomy":"product_brand","embeddable":true,"href":"https:\/\/silenthome.com\/es\/wp-json\/wp\/v2\/product_brand?post=10244"},{"taxonomy":"product_cat","embeddable":true,"href":"https:\/\/silenthome.com\/es\/wp-json\/wp\/v2\/product_cat?post=10244"},{"taxonomy":"product_tag","embeddable":true,"href":"https:\/\/silenthome.com\/es\/wp-json\/wp\/v2\/product_tag?post=10244"}],"curies":[{"name":"wp","href":"https:\/\/api.w.org\/{rel}","templated":true}]}}