{"id":10241,"date":"2025-10-20T13:03:53","date_gmt":"2025-10-20T12:03:53","guid":{"rendered":"https:\/\/silenthome.com\/produto\/swirl-vaso-bicolor-15x15\/"},"modified":"2026-02-01T10:41:01","modified_gmt":"2026-02-01T10:41:01","slug":"swirl-vaso-bicolor-15x15","status":"publish","type":"product","link":"https:\/\/silenthome.com\/es\/producto\/swirl-vaso-bicolor-15x15\/","title":{"rendered":"Remolino, jarr\u00f3n bicolor 15\u00d715"},"content":{"rendered":"","protected":false},"excerpt":{"rendered":"<p><span data-sheets-root=\"1\">\u00a1A\u00f1ade un toque vibrante y alegre a tu interior con esta maceta Swirl de vivos colores! El dise\u00f1o din\u00e1mico y los colores vibrantes hacen de este jarr\u00f3n un verdadero punto de atracci\u00f3n. Fabricado en dolomita resistente y con un tama\u00f1o pr\u00e1ctico, este jarr\u00f3n es perfecto para un colorido ramo, unas cuantas flores sueltas o como llamativo objeto decorativo.<\/p>\n<p>Tanto si quieres alegrar tu sal\u00f3n, dar un toque alegre a tu mesa o buscas un regalo original, \u00a1esta maceta Swirl siempre aporta un toque fresco y lleno de energ\u00eda!<\/span><\/p>","protected":false},"featured_media":10353,"comment_status":"open","ping_status":"closed","template":"","meta":{"_acf_changed":false},"product_brand":[],"product_cat":[112],"product_tag":[],"class_list":{"0":"post-10241","1":"product","2":"type-product","3":"status-publish","4":"has-post-thumbnail","6":"product_cat-natal","8":"first","9":"instock","10":"taxable","11":"shipping-taxable","12":"purchasable","13":"product-type-simple"},"acf":[],"aioseo_notices":[],"_links":{"self":[{"href":"https:\/\/silenthome.com\/es\/wp-json\/wp\/v2\/product\/10241","targetHints":{"allow":["GET"]}}],"collection":[{"href":"https:\/\/silenthome.com\/es\/wp-json\/wp\/v2\/product"}],"about":[{"href":"https:\/\/silenthome.com\/es\/wp-json\/wp\/v2\/types\/product"}],"replies":[{"embeddable":true,"href":"https:\/\/silenthome.com\/es\/wp-json\/wp\/v2\/comments?post=10241"}],"wp:featuredmedia":[{"embeddable":true,"href":"https:\/\/silenthome.com\/es\/wp-json\/wp\/v2\/media\/10353"}],"wp:attachment":[{"href":"https:\/\/silenthome.com\/es\/wp-json\/wp\/v2\/media?parent=10241"}],"wp:term":[{"taxonomy":"product_brand","embeddable":true,"href":"https:\/\/silenthome.com\/es\/wp-json\/wp\/v2\/product_brand?post=10241"},{"taxonomy":"product_cat","embeddable":true,"href":"https:\/\/silenthome.com\/es\/wp-json\/wp\/v2\/product_cat?post=10241"},{"taxonomy":"product_tag","embeddable":true,"href":"https:\/\/silenthome.com\/es\/wp-json\/wp\/v2\/product_tag?post=10241"}],"curies":[{"name":"wp","href":"https:\/\/api.w.org\/{rel}","templated":true}]}}