{"id":10239,"date":"2025-10-20T13:03:53","date_gmt":"2025-10-20T12:03:53","guid":{"rendered":"https:\/\/silenthome.com\/produto\/pink-sprinkles-enfeite-de-natal-10cm\/"},"modified":"2026-02-01T10:40:58","modified_gmt":"2026-02-01T10:40:58","slug":"pink-sprinkles-enfeite-de-natal-10cm","status":"publish","type":"product","link":"https:\/\/silenthome.com\/es\/producto\/pink-sprinkles-enfeite-de-natal-10cm\/","title":{"rendered":"Set 3 Sprinkles Rosa, Adorno de Navidad 10cm"},"content":{"rendered":"","protected":false},"excerpt":{"rendered":"<p>Nuestras bolas de Navidad de la colecci\u00f3n Candy aportan un toque dulce y encantador a tu \u00e1rbol. Con sus acabados brillantes y sus colores inspirados en los caramelos, estas bolas crean un ambiente festivo, alegre y divertido. Mezcla diferentes tonos y tama\u00f1os para conseguir un efecto m\u00e1gico que alegrar\u00e1 cualquier decoraci\u00f3n navide\u00f1a.<\/p>","protected":false},"featured_media":10348,"comment_status":"open","ping_status":"closed","template":"","meta":{"_acf_changed":false},"product_brand":[],"product_cat":[112],"product_tag":[],"class_list":{"0":"post-10239","1":"product","2":"type-product","3":"status-publish","4":"has-post-thumbnail","6":"product_cat-natal","8":"first","9":"instock","10":"taxable","11":"shipping-taxable","12":"purchasable","13":"product-type-simple"},"acf":[],"aioseo_notices":[],"_links":{"self":[{"href":"https:\/\/silenthome.com\/es\/wp-json\/wp\/v2\/product\/10239","targetHints":{"allow":["GET"]}}],"collection":[{"href":"https:\/\/silenthome.com\/es\/wp-json\/wp\/v2\/product"}],"about":[{"href":"https:\/\/silenthome.com\/es\/wp-json\/wp\/v2\/types\/product"}],"replies":[{"embeddable":true,"href":"https:\/\/silenthome.com\/es\/wp-json\/wp\/v2\/comments?post=10239"}],"wp:featuredmedia":[{"embeddable":true,"href":"https:\/\/silenthome.com\/es\/wp-json\/wp\/v2\/media\/10348"}],"wp:attachment":[{"href":"https:\/\/silenthome.com\/es\/wp-json\/wp\/v2\/media?parent=10239"}],"wp:term":[{"taxonomy":"product_brand","embeddable":true,"href":"https:\/\/silenthome.com\/es\/wp-json\/wp\/v2\/product_brand?post=10239"},{"taxonomy":"product_cat","embeddable":true,"href":"https:\/\/silenthome.com\/es\/wp-json\/wp\/v2\/product_cat?post=10239"},{"taxonomy":"product_tag","embeddable":true,"href":"https:\/\/silenthome.com\/es\/wp-json\/wp\/v2\/product_tag?post=10239"}],"curies":[{"name":"wp","href":"https:\/\/api.w.org\/{rel}","templated":true}]}}