{"id":10237,"date":"2025-10-20T13:03:52","date_gmt":"2025-10-20T12:03:52","guid":{"rendered":"https:\/\/silenthome.com\/produto\/toffee-candy-enfeite-de-natal-rosa\/"},"modified":"2026-02-01T10:41:06","modified_gmt":"2026-02-01T10:41:06","slug":"toffee-candy-enfeite-de-natal-rosa","status":"publish","type":"product","link":"https:\/\/silenthome.com\/es\/producto\/toffee-candy-enfeite-de-natal-rosa\/","title":{"rendered":"Set 3 - Caramelo Toffee, Adorno navide\u00f1o rosa"},"content":{"rendered":"","protected":false},"excerpt":{"rendered":"<p>Convierte tu \u00e1rbol en un aut\u00e9ntico para\u00edso azucarado con nuestras chucher\u00edas y dulces. Con colores vibrantes, acabados luminosos y detalles cuidadosamente elaborados, estas piezas son perfectas para quienes desean una Navidad dulce, alegre y llena de fantas\u00eda.<\/p>","protected":false},"featured_media":10344,"comment_status":"open","ping_status":"closed","template":"","meta":{"_acf_changed":false},"product_brand":[],"product_cat":[112],"product_tag":[],"class_list":{"0":"post-10237","1":"product","2":"type-product","3":"status-publish","4":"has-post-thumbnail","6":"product_cat-natal","8":"first","9":"instock","10":"taxable","11":"shipping-taxable","12":"purchasable","13":"product-type-simple"},"acf":[],"aioseo_notices":[],"_links":{"self":[{"href":"https:\/\/silenthome.com\/es\/wp-json\/wp\/v2\/product\/10237","targetHints":{"allow":["GET"]}}],"collection":[{"href":"https:\/\/silenthome.com\/es\/wp-json\/wp\/v2\/product"}],"about":[{"href":"https:\/\/silenthome.com\/es\/wp-json\/wp\/v2\/types\/product"}],"replies":[{"embeddable":true,"href":"https:\/\/silenthome.com\/es\/wp-json\/wp\/v2\/comments?post=10237"}],"wp:featuredmedia":[{"embeddable":true,"href":"https:\/\/silenthome.com\/es\/wp-json\/wp\/v2\/media\/10344"}],"wp:attachment":[{"href":"https:\/\/silenthome.com\/es\/wp-json\/wp\/v2\/media?parent=10237"}],"wp:term":[{"taxonomy":"product_brand","embeddable":true,"href":"https:\/\/silenthome.com\/es\/wp-json\/wp\/v2\/product_brand?post=10237"},{"taxonomy":"product_cat","embeddable":true,"href":"https:\/\/silenthome.com\/es\/wp-json\/wp\/v2\/product_cat?post=10237"},{"taxonomy":"product_tag","embeddable":true,"href":"https:\/\/silenthome.com\/es\/wp-json\/wp\/v2\/product_tag?post=10237"}],"curies":[{"name":"wp","href":"https:\/\/api.w.org\/{rel}","templated":true}]}}