{"id":10199,"date":"2025-09-26T10:39:01","date_gmt":"2025-09-26T09:39:01","guid":{"rendered":"https:\/\/silenthome.com\/produto\/almofada-de-dormir-microfibras-6d-70x50cm\/"},"modified":"2026-03-19T12:32:14","modified_gmt":"2026-03-19T12:32:14","slug":"almofada-de-dormir-microfibras-6d-70x50cm","status":"publish","type":"product","link":"https:\/\/silenthome.com\/es\/producto\/almofada-de-dormir-microfibras-6d-70x50cm\/","title":{"rendered":"Almohada de dormir microfibras 6D 70x50cm"},"content":{"rendered":"","protected":false},"excerpt":{"rendered":"<p class=\"portfolio_single_detail\"><span class=\"portfolio_item_meta_data\">Almohada media\/alta para dormir de lado y boca arriba. Mantiene la cabeza y el cuello alineados<br \/>\nrespetando la anatom\u00eda del cuerpo. Con tejido exterior 100% Algod\u00f3n Percale y relleno fibra 100% Poli\u00e9ster. Es una almohada suave y c\u00f3moda.<\/span><\/p>\n<p class=\"portfolio_single_detail\"><span class=\"portfolio_item_meta_label\">Resistencia:<\/span>\u00a0<span class=\"portfolio_item_meta_data\">Muy resistente.<\/span><\/p>\n<p class=\"portfolio_single_detail\"><span class=\"portfolio_item_meta_label\">Medio ambiente:<\/span>\u00a0<span class=\"portfolio_item_meta_data\">Material reciclable.<\/span><\/p>\n<p class=\"portfolio_single_detail\"><span class=\"portfolio_item_meta_label\">Mantenimiento y limpieza:<\/span>\u00a0<span class=\"portfolio_item_meta_data\">F\u00e1cil de lavar y secar a baja temperatura. Siga las instrucciones de lavado de la etiqueta.<\/span><\/p>","protected":false},"featured_media":11415,"comment_status":"open","ping_status":"closed","template":"","meta":{"_acf_changed":false},"product_brand":[],"product_cat":[72,64],"product_tag":[],"class_list":{"0":"post-10199","1":"product","2":"type-product","3":"status-publish","4":"has-post-thumbnail","6":"product_cat-almofadas","7":"product_cat-texteis","9":"first","10":"onbackorder","11":"taxable","12":"shipping-taxable","13":"purchasable","14":"product-type-simple"},"acf":[],"aioseo_notices":[],"_links":{"self":[{"href":"https:\/\/silenthome.com\/es\/wp-json\/wp\/v2\/product\/10199","targetHints":{"allow":["GET"]}}],"collection":[{"href":"https:\/\/silenthome.com\/es\/wp-json\/wp\/v2\/product"}],"about":[{"href":"https:\/\/silenthome.com\/es\/wp-json\/wp\/v2\/types\/product"}],"replies":[{"embeddable":true,"href":"https:\/\/silenthome.com\/es\/wp-json\/wp\/v2\/comments?post=10199"}],"wp:featuredmedia":[{"embeddable":true,"href":"https:\/\/silenthome.com\/es\/wp-json\/wp\/v2\/media\/11415"}],"wp:attachment":[{"href":"https:\/\/silenthome.com\/es\/wp-json\/wp\/v2\/media?parent=10199"}],"wp:term":[{"taxonomy":"product_brand","embeddable":true,"href":"https:\/\/silenthome.com\/es\/wp-json\/wp\/v2\/product_brand?post=10199"},{"taxonomy":"product_cat","embeddable":true,"href":"https:\/\/silenthome.com\/es\/wp-json\/wp\/v2\/product_cat?post=10199"},{"taxonomy":"product_tag","embeddable":true,"href":"https:\/\/silenthome.com\/es\/wp-json\/wp\/v2\/product_tag?post=10199"}],"curies":[{"name":"wp","href":"https:\/\/api.w.org\/{rel}","templated":true}]}}