{"id":10195,"date":"2025-09-26T10:39:00","date_gmt":"2025-09-26T09:39:00","guid":{"rendered":"https:\/\/silenthome.com\/produto\/edredao-4-estacoes-alma-260x240cm\/"},"modified":"2026-03-19T14:13:24","modified_gmt":"2026-03-19T14:13:24","slug":"edredao-4-estacoes-alma-260x240cm","status":"publish","type":"product","link":"https:\/\/silenthome.com\/es\/producto\/edredao-4-estacoes-alma-260x240cm\/","title":{"rendered":"Edred\u00f3n n\u00f3rdico Alma 4 estaciones 260x240cm"},"content":{"rendered":"","protected":false},"excerpt":{"rendered":"<p data-start=\"141\" data-end=\"506\">El edred\u00f3n Alma es un edred\u00f3n <strong data-start=\"169\" data-end=\"183\">4 temporadas<\/strong>, En otras palabras, est\u00e1 dise\u00f1ado para proporcionar confort durante todo el a\u00f1o. Se compone de capas con diferentes niveles de calefacci\u00f3n (TOG), que pueden utilizarse por separado en las estaciones m\u00e1s c\u00e1lidas o combinarse en los periodos m\u00e1s fr\u00edos, garantizando la versatilidad y la adaptaci\u00f3n a las necesidades t\u00e9rmicas de cada estaci\u00f3n.<\/p>\n<p data-start=\"508\" data-end=\"769\">Producido con <strong data-start=\"522\" data-end=\"562\">tejido exterior 100% Percal de algod\u00f3n<\/strong>, ofrece un tacto suave, fresco y transpirable. En <strong data-start=\"625\" data-end=\"664\">100% Poli\u00e9ster BIOACTIVE PLUS fibra<\/strong> garantiza comodidad, ligereza y propiedades higi\u00e9nicas, ayudando a mantener un entorno de descanso saludable.<\/p>\n<p data-start=\"771\" data-end=\"934\"><strong data-start=\"771\" data-end=\"803\">Niveles de calefacci\u00f3n (TOG):<\/strong><br data-start=\"803\" data-end=\"806\" \/>150 g = TOG 3 (ideal para temperaturas m\u00e1s suaves)<br data-start=\"856\" data-end=\"859\" \/>300 g = TOG 6<br data-start=\"871\" data-end=\"874\" \/>350 g = TOG 7<br data-start=\"886\" data-end=\"889\" \/>400g = TOG 8 (extra acogedor para el invierno)<\/p>\n<p data-start=\"936\" data-end=\"977\"><strong data-start=\"936\" data-end=\"954\">Medio ambiente:<\/strong><br data-start=\"954\" data-end=\"957\" \/>Material reciclable.<\/p>\n<p data-start=\"979\" data-end=\"1127\"><strong data-start=\"979\" data-end=\"1004\">Mantenimiento y limpieza:<\/strong><br data-start=\"1004\" data-end=\"1007\" \/>F\u00e1cil de lavar y secar a baja temperatura. Recomendamos seguir siempre las instrucciones de lavado de la etiqueta.<\/p>","protected":false},"featured_media":11417,"comment_status":"open","ping_status":"closed","template":"","meta":{"_acf_changed":false},"product_brand":[],"product_cat":[102,64],"product_tag":[],"class_list":{"0":"post-10195","1":"product","2":"type-product","3":"status-publish","4":"has-post-thumbnail","6":"product_cat-cama","7":"product_cat-texteis","9":"first","10":"onbackorder","11":"taxable","12":"shipping-taxable","13":"purchasable","14":"product-type-simple"},"acf":[],"aioseo_notices":[],"_links":{"self":[{"href":"https:\/\/silenthome.com\/es\/wp-json\/wp\/v2\/product\/10195","targetHints":{"allow":["GET"]}}],"collection":[{"href":"https:\/\/silenthome.com\/es\/wp-json\/wp\/v2\/product"}],"about":[{"href":"https:\/\/silenthome.com\/es\/wp-json\/wp\/v2\/types\/product"}],"replies":[{"embeddable":true,"href":"https:\/\/silenthome.com\/es\/wp-json\/wp\/v2\/comments?post=10195"}],"wp:featuredmedia":[{"embeddable":true,"href":"https:\/\/silenthome.com\/es\/wp-json\/wp\/v2\/media\/11417"}],"wp:attachment":[{"href":"https:\/\/silenthome.com\/es\/wp-json\/wp\/v2\/media?parent=10195"}],"wp:term":[{"taxonomy":"product_brand","embeddable":true,"href":"https:\/\/silenthome.com\/es\/wp-json\/wp\/v2\/product_brand?post=10195"},{"taxonomy":"product_cat","embeddable":true,"href":"https:\/\/silenthome.com\/es\/wp-json\/wp\/v2\/product_cat?post=10195"},{"taxonomy":"product_tag","embeddable":true,"href":"https:\/\/silenthome.com\/es\/wp-json\/wp\/v2\/product_tag?post=10195"}],"curies":[{"name":"wp","href":"https:\/\/api.w.org\/{rel}","templated":true}]}}