{"id":10156,"date":"2025-09-20T13:19:58","date_gmt":"2025-09-20T12:19:58","guid":{"rendered":"https:\/\/silenthome.com\/produto\/i-need-something-stronger-than-coffee-but-less-than-cocaine\/"},"modified":"2026-02-19T12:23:47","modified_gmt":"2026-02-19T12:23:47","slug":"i-need-something-stronger-than-coffee-but-less-than-cocaine","status":"publish","type":"product","link":"https:\/\/silenthome.com\/es\/producto\/i-need-something-stronger-than-coffee-but-less-than-cocaine\/","title":{"rendered":"Dish LOOL, necesito algo m\u00e1s fuerte que el caf\u00e9 pero menos que la coca\u00edna"},"content":{"rendered":"","protected":false},"excerpt":{"rendered":"<p>La fotograf\u00eda muestra a la reina Maud.<br \/>\nPlato de porcelana blanca cocido a temperaturas de 1.400 \u00b0C y luego expuesto a una temperatura de cocci\u00f3n baja de 900 \u00b0C, necesaria para lograr la intensidad de su delicada decoraci\u00f3n.<\/p>","protected":false},"featured_media":10175,"comment_status":"open","ping_status":"closed","template":"","meta":{"_acf_changed":false},"product_brand":[],"product_cat":[124,74],"product_tag":[],"class_list":{"0":"post-10156","1":"product","2":"type-product","3":"status-publish","4":"has-post-thumbnail","6":"product_cat-loica-de-mesa","7":"product_cat-objectos-decorativos","9":"first","10":"instock","11":"taxable","12":"shipping-taxable","13":"purchasable","14":"product-type-simple"},"acf":[],"aioseo_notices":[],"_links":{"self":[{"href":"https:\/\/silenthome.com\/es\/wp-json\/wp\/v2\/product\/10156","targetHints":{"allow":["GET"]}}],"collection":[{"href":"https:\/\/silenthome.com\/es\/wp-json\/wp\/v2\/product"}],"about":[{"href":"https:\/\/silenthome.com\/es\/wp-json\/wp\/v2\/types\/product"}],"replies":[{"embeddable":true,"href":"https:\/\/silenthome.com\/es\/wp-json\/wp\/v2\/comments?post=10156"}],"wp:featuredmedia":[{"embeddable":true,"href":"https:\/\/silenthome.com\/es\/wp-json\/wp\/v2\/media\/10175"}],"wp:attachment":[{"href":"https:\/\/silenthome.com\/es\/wp-json\/wp\/v2\/media?parent=10156"}],"wp:term":[{"taxonomy":"product_brand","embeddable":true,"href":"https:\/\/silenthome.com\/es\/wp-json\/wp\/v2\/product_brand?post=10156"},{"taxonomy":"product_cat","embeddable":true,"href":"https:\/\/silenthome.com\/es\/wp-json\/wp\/v2\/product_cat?post=10156"},{"taxonomy":"product_tag","embeddable":true,"href":"https:\/\/silenthome.com\/es\/wp-json\/wp\/v2\/product_tag?post=10156"}],"curies":[{"name":"wp","href":"https:\/\/api.w.org\/{rel}","templated":true}]}}