{"id":10135,"date":"2025-09-04T15:22:16","date_gmt":"2025-09-04T14:22:16","guid":{"rendered":"https:\/\/silenthome.com\/?post_type=product&#038;p=10135"},"modified":"2026-04-01T17:51:30","modified_gmt":"2026-04-01T16:51:30","slug":"round-cast-candeeiro-de-tecto-redondo-branco","status":"publish","type":"product","link":"https:\/\/silenthome.com\/es\/producto\/round-cast-candeeiro-de-tecto-redondo-branco\/","title":{"rendered":"REDONDO FUNDIDO, BLANCO REDONDO L\u00c1MPARA DE TECHO"},"content":{"rendered":"","protected":false},"excerpt":{"rendered":"<p>Eleve el estilo y la funcionalidad de su espacio con esta l\u00e1mpara de techo circular con 10 focos orientables, ideal para quienes buscan una iluminaci\u00f3n eficaz con un toque moderno y sofisticado. Su dise\u00f1o en forma de aro a\u00f1ade equilibrio visual y una presencia impactante, perfecta para ambientes contempor\u00e1neos.<\/p>\n<p>Con una robusta estructura met\u00e1lica en negro mate, esta l\u00e1mpara ofrece una distribuci\u00f3n uniforme de la luz gracias a sus nueve focos cil\u00edndricos regulables, que permiten crear diferentes ambientes en funci\u00f3n de la disposici\u00f3n e intensidad de la iluminaci\u00f3n deseada.<\/p>\n<p>Perfecto para salones, comedores, vest\u00edbulos o espacios comerciales modernos.<\/p>\n<p>Detalles:<br \/>\n- 4500 l\u00famenes<br \/>\n- 50 vatios<br \/>\n- 4000 k<\/p>","protected":false},"featured_media":10081,"comment_status":"open","ping_status":"closed","template":"","meta":{"_acf_changed":false},"product_brand":[],"product_cat":[87],"product_tag":[],"class_list":{"0":"post-10135","1":"product","2":"type-product","3":"status-publish","4":"has-post-thumbnail","6":"product_cat-candeeiros-de-tecto","8":"first","9":"instock","10":"taxable","11":"shipping-taxable","12":"purchasable","13":"product-type-simple"},"acf":[],"aioseo_notices":[],"_links":{"self":[{"href":"https:\/\/silenthome.com\/es\/wp-json\/wp\/v2\/product\/10135","targetHints":{"allow":["GET"]}}],"collection":[{"href":"https:\/\/silenthome.com\/es\/wp-json\/wp\/v2\/product"}],"about":[{"href":"https:\/\/silenthome.com\/es\/wp-json\/wp\/v2\/types\/product"}],"replies":[{"embeddable":true,"href":"https:\/\/silenthome.com\/es\/wp-json\/wp\/v2\/comments?post=10135"}],"wp:featuredmedia":[{"embeddable":true,"href":"https:\/\/silenthome.com\/es\/wp-json\/wp\/v2\/media\/10081"}],"wp:attachment":[{"href":"https:\/\/silenthome.com\/es\/wp-json\/wp\/v2\/media?parent=10135"}],"wp:term":[{"taxonomy":"product_brand","embeddable":true,"href":"https:\/\/silenthome.com\/es\/wp-json\/wp\/v2\/product_brand?post=10135"},{"taxonomy":"product_cat","embeddable":true,"href":"https:\/\/silenthome.com\/es\/wp-json\/wp\/v2\/product_cat?post=10135"},{"taxonomy":"product_tag","embeddable":true,"href":"https:\/\/silenthome.com\/es\/wp-json\/wp\/v2\/product_tag?post=10135"}],"curies":[{"name":"wp","href":"https:\/\/api.w.org\/{rel}","templated":true}]}}