{"id":169,"date":"2024-01-08T09:12:54","date_gmt":"2024-01-08T09:12:54","guid":{"rendered":"https:\/\/silenthome.com\/?page_id=169"},"modified":"2024-11-23T09:43:53","modified_gmt":"2024-11-23T09:43:53","slug":"sobre-nos","status":"publish","type":"page","link":"https:\/\/silenthome.com\/es\/sobre-nos\/","title":{"rendered":"Qui\u00e9nes somos"},"content":{"rendered":"<div data-elementor-type=\"wp-page\" data-elementor-id=\"169\" class=\"elementor elementor-169\" data-elementor-post-type=\"page\">\n\t\t\t\t\t\t<section class=\"elementor-section elementor-top-section elementor-element elementor-element-b4622a7 elementor-section-height-min-height elementor-section-boxed elementor-section-height-default elementor-section-items-middle\" data-id=\"b4622a7\" data-element_type=\"section\" data-e-type=\"section\" data-settings=\"{&quot;background_background&quot;:&quot;classic&quot;}\">\n\t\t\t\t\t\t\t<div class=\"elementor-background-overlay\"><\/div>\n\t\t\t\t\t\t\t<div class=\"elementor-container elementor-column-gap-default\">\n\t\t\t\t\t<div class=\"elementor-column elementor-col-100 elementor-top-column elementor-element elementor-element-78d5a38\" data-id=\"78d5a38\" data-element_type=\"column\" data-e-type=\"column\">\n\t\t\t<div class=\"elementor-widget-wrap elementor-element-populated\">\n\t\t\t\t\t\t<div class=\"elementor-element elementor-element-3a0493e elementor-invisible elementor-widget elementor-widget-heading\" data-id=\"3a0493e\" data-element_type=\"widget\" data-e-type=\"widget\" data-settings=\"{&quot;_animation&quot;:&quot;fadeIn&quot;}\" data-widget_type=\"heading.default\">\n\t\t\t\t<div class=\"elementor-widget-container\">\n\t\t\t\t\t<h1 class=\"elementor-heading-title elementor-size-default\">Qui\u00e9nes somos<\/h1>\t\t\t\t<\/div>\n\t\t\t\t<\/div>\n\t\t\t\t\t<\/div>\n\t\t<\/div>\n\t\t\t\t\t<\/div>\n\t\t<\/section>\n\t\t\t\t<section class=\"elementor-section elementor-top-section elementor-element elementor-element-ae32932 elementor-section-boxed elementor-section-height-default elementor-section-height-default\" data-id=\"ae32932\" data-element_type=\"section\" data-e-type=\"section\" data-settings=\"{&quot;background_background&quot;:&quot;classic&quot;}\">\n\t\t\t\t\t\t<div class=\"elementor-container elementor-column-gap-default\">\n\t\t\t\t\t<div class=\"elementor-column elementor-col-100 elementor-top-column elementor-element elementor-element-47086219\" data-id=\"47086219\" data-element_type=\"column\" data-e-type=\"column\">\n\t\t\t<div class=\"elementor-widget-wrap elementor-element-populated\">\n\t\t\t\t\t\t<div class=\"elementor-element elementor-element-3d65d7c9 elementor-invisible elementor-widget elementor-widget-text-editor\" data-id=\"3d65d7c9\" data-element_type=\"widget\" data-e-type=\"widget\" data-settings=\"{&quot;_animation&quot;:&quot;fadeIn&quot;,&quot;_animation_delay&quot;:200}\" data-widget_type=\"text-editor.default\">\n\t\t\t\t<div class=\"elementor-widget-container\">\n\t\t\t\t\t\t\t\t\t<p>Bienvenido a Silent Home, donde el confort, la calidad y la sofisticaci\u00f3n forman parte de nuestro ADN. Estamos orgullosos de ser una marca portuguesa con visi\u00f3n global, que desde hace dos d\u00e9cadas crea espacios que trascienden la mera funcionalidad, convirti\u00e9ndose en verdaderas expresiones de identidad y confort.<\/p><p><span style=\"color: var( --e-global-color-text ); background-color: var( --e-global-color-9314a05 ); letter-spacing: 0px;\">En Silent Home nos centramos en ofrecer una experiencia \u00fanica y sensorial, donde cada detalle est\u00e1 cuidadosamente pensado para despertar emociones e inspirar sue\u00f1os.<\/span><\/p><p><span style=\"background-color: var( --e-global-color-9314a05 ); color: var( --e-global-color-text ); letter-spacing: 0px;\">Creemos que un hogar no es solo un espacio f\u00edsico; es un refugio donde suceden historias y se crean recuerdos.<\/span><\/p><p><span style=\"background-color: var( --e-global-color-9314a05 );\">Acomp\u00e1\u00f1enos en este viaje en el que su casa es el escenario en el que sus sue\u00f1os se hacen realidad,\u00a0<\/span><span style=\"background-color: var( --e-global-color-9314a05 );\">estamos aqu\u00ed para ayudarle a hacerlos a\u00fan m\u00e1s bellos y confortables.<\/span><span style=\"background-color: var( --e-global-color-9314a05 );\"><br \/><\/span><\/p>\t\t\t\t\t\t\t\t<\/div>\n\t\t\t\t<\/div>\n\t\t\t\t\t<\/div>\n\t\t<\/div>\n\t\t\t\t\t<\/div>\n\t\t<\/section>\n\t\t\t\t<section class=\"elementor-section elementor-top-section elementor-element elementor-element-f9a9edd elementor-section-boxed elementor-section-height-default elementor-section-height-default\" data-id=\"f9a9edd\" data-element_type=\"section\" data-e-type=\"section\">\n\t\t\t\t\t\t<div class=\"elementor-container elementor-column-gap-default\">\n\t\t\t\t\t<div class=\"elementor-column elementor-col-100 elementor-top-column elementor-element elementor-element-cc1edc6\" data-id=\"cc1edc6\" data-element_type=\"column\" data-e-type=\"column\">\n\t\t\t<div class=\"elementor-widget-wrap elementor-element-populated\">\n\t\t\t\t\t\t<div class=\"elementor-element elementor-element-05da9e6 elementor-widget elementor-widget-heading\" data-id=\"05da9e6\" data-element_type=\"widget\" data-e-type=\"widget\" data-widget_type=\"heading.default\">\n\t\t\t\t<div class=\"elementor-widget-container\">\n\t\t\t\t\t<h2 class=\"elementor-heading-title elementor-size-default\">Sea cual sea su estilo, en Silent Home encontrar\u00e1 lo que necesita para crear un espacio que sea verdaderamente suyo.<\/h2>\t\t\t\t<\/div>\n\t\t\t\t<\/div>\n\t\t\t\t\t<\/div>\n\t\t<\/div>\n\t\t\t\t\t<\/div>\n\t\t<\/section>\n\t\t\t\t<\/div>","protected":false},"excerpt":{"rendered":"<p>Sobre n\u00f3s Bem-vindo \u00e0 Silent Home, onde o conforto, qualidade e sofistica\u00e7\u00e3o fazem parte do nosso ADN. Orgulhamo-nos de ser uma marca Portuguesa, com uma vis\u00e3o global, que ao longo de duas d\u00e9cadas tem vindo a criar espa\u00e7os que transcendem a mera funcionalidade, assumindo verdadeiras express\u00f5es de identidade e conforto. Na Silent Home somos focados [&hellip;]<\/p>\n","protected":false},"author":2,"featured_media":0,"parent":0,"menu_order":0,"comment_status":"closed","ping_status":"closed","template":"","meta":{"_acf_changed":false,"footnotes":""},"class_list":["post-169","page","type-page","status-publish","hentry"],"acf":[],"aioseo_notices":[],"_links":{"self":[{"href":"https:\/\/silenthome.com\/es\/wp-json\/wp\/v2\/pages\/169","targetHints":{"allow":["GET"]}}],"collection":[{"href":"https:\/\/silenthome.com\/es\/wp-json\/wp\/v2\/pages"}],"about":[{"href":"https:\/\/silenthome.com\/es\/wp-json\/wp\/v2\/types\/page"}],"author":[{"embeddable":true,"href":"https:\/\/silenthome.com\/es\/wp-json\/wp\/v2\/users\/2"}],"replies":[{"embeddable":true,"href":"https:\/\/silenthome.com\/es\/wp-json\/wp\/v2\/comments?post=169"}],"version-history":[{"count":118,"href":"https:\/\/silenthome.com\/es\/wp-json\/wp\/v2\/pages\/169\/revisions"}],"predecessor-version":[{"id":6092,"href":"https:\/\/silenthome.com\/es\/wp-json\/wp\/v2\/pages\/169\/revisions\/6092"}],"wp:attachment":[{"href":"https:\/\/silenthome.com\/es\/wp-json\/wp\/v2\/media?parent=169"}],"curies":[{"name":"wp","href":"https:\/\/api.w.org\/{rel}","templated":true}]}}