{"id":1031,"date":"2024-04-17T11:34:19","date_gmt":"2024-04-17T10:34:19","guid":{"rendered":"https:\/\/silenthome.com\/?page_id=1031"},"modified":"2024-05-09T09:05:25","modified_gmt":"2024-05-09T08:05:25","slug":"cereria-molla-1899","status":"publish","type":"page","link":"https:\/\/silenthome.com\/es\/cereria-molla-1899\/","title":{"rendered":"CERERIA MOLL\u00c1 1899"},"content":{"rendered":"<div data-elementor-type=\"wp-page\" data-elementor-id=\"1031\" class=\"elementor elementor-1031\" data-elementor-post-type=\"page\">\n\t\t\t\t<div class=\"elementor-element elementor-element-52c9f97 e-flex e-con-boxed e-con e-parent\" data-id=\"52c9f97\" data-element_type=\"container\" data-e-type=\"container\">\n\t\t\t\t\t<div class=\"e-con-inner\">\n\t\t\t\t<div class=\"elementor-element elementor-element-a4f8dc7 elementor-widget elementor-widget-image\" data-id=\"a4f8dc7\" data-element_type=\"widget\" data-e-type=\"widget\" data-widget_type=\"image.default\">\n\t\t\t\t<div class=\"elementor-widget-container\">\n\t\t\t\t\t\t\t\t\t\t\t\t\t\t\t<img decoding=\"async\" width=\"700\" height=\"47\" src=\"https:\/\/silenthome.com\/wp-content\/uploads\/2024\/04\/logo_velas.webp\" class=\"attachment-large size-large wp-image-1043\" alt=\"\" srcset=\"https:\/\/silenthome.com\/wp-content\/uploads\/2024\/04\/logo_velas.webp 700w, https:\/\/silenthome.com\/wp-content\/uploads\/2024\/04\/logo_velas-300x20.webp 300w\" sizes=\"(max-width: 700px) 100vw, 700px\" \/>\t\t\t\t\t\t\t\t\t\t\t\t\t\t\t<\/div>\n\t\t\t\t<\/div>\n\t\t\t\t<div class=\"elementor-element elementor-element-6e01850 elementor-widget elementor-widget-text-editor\" data-id=\"6e01850\" data-element_type=\"widget\" data-e-type=\"widget\" data-widget_type=\"text-editor.default\">\n\t\t\t\t<div class=\"elementor-widget-container\">\n\t\t\t\t\t\t\t\t\t<p>Fundada en 1899 en Espa\u00f1a, Cereria Moll\u00e1 es s\u00edmbolo de tradici\u00f3n, saber hacer e innovaci\u00f3n. Explore nuestra colecci\u00f3n, que incluye velas y difusores, perfumes para usted y su hogar, o quiz\u00e1s un regalo para alguien especial.<\/p>\t\t\t\t\t\t\t\t<\/div>\n\t\t\t\t<\/div>\n\t\t\t\t<div class=\"elementor-element elementor-element-091166d elementor-grid-4 elementor-grid-tablet-3 elementor-grid-mobile-2 elementor-products-grid elementor-wc-products elementor-widget elementor-widget-wc-categories\" data-id=\"091166d\" data-element_type=\"widget\" data-e-type=\"widget\" data-widget_type=\"wc-categories.default\">\n\t\t\t\t<div class=\"elementor-widget-container\">\n\t\t\t\t\t<div class=\"woocommerce columns-4\"><ul class=\"products elementor-grid columns-4\">\n<li class=\"product-category product first\">\n\t<a aria-label=\"Visitar la categor\u00eda de producto Difusores\" href=\"https:\/\/silenthome.com\/es\/categoria-producto\/fragrancias\/difusores\/\" data-no-translation-aria-label=\"\"><img fetchpriority=\"high\" decoding=\"async\" src=\"https:\/\/silenthome.com\/wp-content\/uploads\/2024\/04\/FM0004_1-500x667.webp\" alt=\"Difusores\" width=\"500\" height=\"667\" \/>\t\t<h2 class=\"woocommerce-loop-category__title\">\n\t\t\tDifusores <mark class=\"count\">(54)<\/mark>\t\t<\/h2>\n\t\t<\/a><\/li>\n<li class=\"product-category product\">\n\t<a aria-label=\"Visitar la categor\u00eda de producto Velas\" href=\"https:\/\/silenthome.com\/es\/categoria-producto\/fragrancias\/velas\/\" data-no-translation-aria-label=\"\"><img decoding=\"async\" src=\"https:\/\/silenthome.com\/wp-content\/uploads\/2024\/04\/FV0003_1-500x667.webp\" alt=\"Velas\" width=\"500\" height=\"667\" \/>\t\t<h2 class=\"woocommerce-loop-category__title\">\n\t\t\tVelas <mark class=\"count\">(51)<\/mark>\t\t<\/h2>\n\t\t<\/a><\/li>\n<li class=\"product-category product\">\n\t<a aria-label=\"Visitar la categor\u00eda de producto Cosm\u00e9ticos\" href=\"https:\/\/silenthome.com\/es\/categoria-producto\/fragrancias\/cosmeticos\/\" data-no-translation-aria-label=\"\"><img loading=\"lazy\" decoding=\"async\" src=\"https:\/\/silenthome.com\/wp-content\/uploads\/2024\/04\/FC0009_1-500x667.webp\" alt=\"Cosm\u00e9ticos\" width=\"500\" height=\"667\" \/>\t\t<h2 class=\"woocommerce-loop-category__title\">\n\t\t\tCosm\u00e9ticos <mark class=\"count\">(22)<\/mark>\t\t<\/h2>\n\t\t<\/a><\/li>\n<li class=\"product-category product last\">\n\t<a aria-label=\"Visitar la categor\u00eda de producto Perfumes\" href=\"https:\/\/silenthome.com\/es\/categoria-producto\/fragrancias\/perfumes\/\" data-no-translation-aria-label=\"\"><img loading=\"lazy\" decoding=\"async\" src=\"https:\/\/silenthome.com\/wp-content\/uploads\/2024\/04\/FP0002_1-500x667.webp\" alt=\"Perfumes\" width=\"500\" height=\"667\" \/>\t\t<h2 class=\"woocommerce-loop-category__title\">\n\t\t\tPerfume <mark class=\"count\">(18)<\/mark>\t\t<\/h2>\n\t\t<\/a><\/li>\n<li class=\"product-category product first\">\n\t<a aria-label=\"Visitar la categor\u00eda de producto Conjuntos e acess\u00f3rios\" href=\"https:\/\/silenthome.com\/es\/categoria-producto\/fragrancias\/conjuntos-e-acessorios\/\" data-no-translation-aria-label=\"\"><img loading=\"lazy\" decoding=\"async\" src=\"https:\/\/silenthome.com\/wp-content\/uploads\/2024\/04\/FG0004-500x667.webp\" alt=\"Conjuntos e acess\u00f3rios\" width=\"500\" height=\"667\" \/>\t\t<h2 class=\"woocommerce-loop-category__title\">\n\t\t\tConjuntos y accesorios <mark class=\"count\">(11)<\/mark>\t\t<\/h2>\n\t\t<\/a><\/li>\n<\/ul>\n<\/div>\t\t\t\t<\/div>\n\t\t\t\t<\/div>\n\t\t\t\t\t<\/div>\n\t\t\t\t<\/div>\n\t\t\t\t<\/div>","protected":false},"excerpt":{"rendered":"<p>Fundada en 1899 en Espa\u00f1a, Cereria Moll\u00e1 es s\u00edmbolo de tradici\u00f3n, saber hacer e innovaci\u00f3n. Explore nuestra colecci\u00f3n, que incluye velas y difusores, perfumes para usted y su hogar, o quiz\u00e1s un regalo para alguien especial.<\/p>","protected":false},"author":2,"featured_media":0,"parent":0,"menu_order":0,"comment_status":"closed","ping_status":"closed","template":"","meta":{"_acf_changed":false,"footnotes":""},"class_list":["post-1031","page","type-page","status-publish","hentry"],"acf":[],"aioseo_notices":[],"_links":{"self":[{"href":"https:\/\/silenthome.com\/es\/wp-json\/wp\/v2\/pages\/1031","targetHints":{"allow":["GET"]}}],"collection":[{"href":"https:\/\/silenthome.com\/es\/wp-json\/wp\/v2\/pages"}],"about":[{"href":"https:\/\/silenthome.com\/es\/wp-json\/wp\/v2\/types\/page"}],"author":[{"embeddable":true,"href":"https:\/\/silenthome.com\/es\/wp-json\/wp\/v2\/users\/2"}],"replies":[{"embeddable":true,"href":"https:\/\/silenthome.com\/es\/wp-json\/wp\/v2\/comments?post=1031"}],"version-history":[{"count":40,"href":"https:\/\/silenthome.com\/es\/wp-json\/wp\/v2\/pages\/1031\/revisions"}],"predecessor-version":[{"id":2717,"href":"https:\/\/silenthome.com\/es\/wp-json\/wp\/v2\/pages\/1031\/revisions\/2717"}],"wp:attachment":[{"href":"https:\/\/silenthome.com\/es\/wp-json\/wp\/v2\/media?parent=1031"}],"curies":[{"name":"wp","href":"https:\/\/api.w.org\/{rel}","templated":true}]}}