{"id":6397,"date":"2024-12-16T18:10:42","date_gmt":"2024-12-16T18:10:42","guid":{"rendered":"https:\/\/silenthome.com\/produto\/veneza-copo-de-vinho-brc-285ml\/"},"modified":"2025-11-20T17:20:12","modified_gmt":"2025-11-20T17:20:12","slug":"veneza-copo-de-vinho-brc-285ml","status":"publish","type":"product","link":"https:\/\/silenthome.com\/en\/product\/veneza-copo-de-vinho-brc-285ml\/","title":{"rendered":"VENICE, WHITE WINE GLASS 285ML."},"content":{"rendered":"","protected":false},"excerpt":{"rendered":"<p>D\u00ea um toque de autenticidade \u00e0 sua mesa com o Copo de Vinho Branco Veneza, a escolha perfeita para quem aprecia momentos de degusta\u00e7\u00e3o com estilo e conforto. <span class=\"relative -mx-px my-[-0.2rem] rounded px-px py-[0.2rem] transition-colors duration-100 ease-in-out\">Com um design elegante e uma capacidade generosa, <strong>este copo permite uma degusta\u00e7\u00e3o plena dos aromas e sabores do seu vinho branco preferido.<\/strong><\/span><\/p>\n","protected":false},"featured_media":6470,"comment_status":"open","ping_status":"closed","template":"","meta":{"_acf_changed":false},"product_brand":[],"product_cat":[126,119],"product_tag":[],"class_list":{"0":"post-6397","1":"product","2":"type-product","3":"status-publish","4":"has-post-thumbnail","6":"product_cat-copos-e-jarros","7":"product_cat-mesa-e-cozinha","9":"first","10":"instock","11":"taxable","12":"shipping-taxable","13":"purchasable","14":"product-type-simple"},"acf":[],"aioseo_notices":[],"_links":{"self":[{"href":"https:\/\/silenthome.com\/en\/wp-json\/wp\/v2\/product\/6397","targetHints":{"allow":["GET"]}}],"collection":[{"href":"https:\/\/silenthome.com\/en\/wp-json\/wp\/v2\/product"}],"about":[{"href":"https:\/\/silenthome.com\/en\/wp-json\/wp\/v2\/types\/product"}],"replies":[{"embeddable":true,"href":"https:\/\/silenthome.com\/en\/wp-json\/wp\/v2\/comments?post=6397"}],"wp:featuredmedia":[{"embeddable":true,"href":"https:\/\/silenthome.com\/en\/wp-json\/wp\/v2\/media\/6470"}],"wp:attachment":[{"href":"https:\/\/silenthome.com\/en\/wp-json\/wp\/v2\/media?parent=6397"}],"wp:term":[{"taxonomy":"product_brand","embeddable":true,"href":"https:\/\/silenthome.com\/en\/wp-json\/wp\/v2\/product_brand?post=6397"},{"taxonomy":"product_cat","embeddable":true,"href":"https:\/\/silenthome.com\/en\/wp-json\/wp\/v2\/product_cat?post=6397"},{"taxonomy":"product_tag","embeddable":true,"href":"https:\/\/silenthome.com\/en\/wp-json\/wp\/v2\/product_tag?post=6397"}],"curies":[{"name":"wp","href":"https:\/\/api.w.org\/{rel}","templated":true}]}}