{"id":5928,"date":"2024-11-15T12:19:00","date_gmt":"2024-11-15T12:19:00","guid":{"rendered":"https:\/\/silenthome.com\/produto\/atenas-taca-para-molho-120ml-ceramica-esmaltada\/"},"modified":"2025-08-25T18:24:11","modified_gmt":"2025-08-25T17:24:11","slug":"atenas-taca-para-molho-120ml-ceramica-esmaltada","status":"publish","type":"product","link":"https:\/\/silenthome.com\/en\/product\/atenas-taca-para-molho-120ml-ceramica-esmaltada\/","title":{"rendered":"ATENAS, 120ML SAUCE BOWL, GLAZED CERAMIC."},"content":{"rendered":"","protected":false},"excerpt":{"rendered":"<p>A Ta\u00e7a para molho Atenas combina design contempor\u00e2neo com a funcionalidade do gres esmaltado, oferecendo uma <strong>solu\u00e7\u00e3o pr\u00e1tica e sofisticada para servir as suas refei\u00e7\u00f5es, \u00e9<span class=\"relative -mx-px my-[-0.2rem] rounded px-px py-[0.2rem] transition-colors duration-100 ease-in-out\">\u00a0i<\/span><span class=\"relative -mx-px my-[-0.2rem] rounded px-px py-[0.2rem] transition-colors duration-100 ease-in-out\">deal para servir molhos, acompanhamentos ou pequenas por\u00e7\u00f5es.<\/span><\/strong> A cor b<span class=\"relative -mx-px my-[-0.2rem] rounded px-px py-[0.2rem] transition-colors duration-100 ease-in-out\">ege neutro, \u00e9 f\u00e1cil de combinar com outras pe\u00e7as e adapta-se perfeitamente a diferentes ocasi\u00f5es.<\/span><\/p>\n","protected":false},"featured_media":5957,"comment_status":"open","ping_status":"closed","template":"","meta":{"_acf_changed":false},"product_brand":[],"product_cat":[124,119],"product_tag":[],"class_list":{"0":"post-5928","1":"product","2":"type-product","3":"status-publish","4":"has-post-thumbnail","6":"product_cat-loica-de-mesa","7":"product_cat-mesa-e-cozinha","9":"first","10":"instock","11":"taxable","12":"shipping-taxable","13":"purchasable","14":"product-type-simple"},"acf":[],"aioseo_notices":[],"_links":{"self":[{"href":"https:\/\/silenthome.com\/en\/wp-json\/wp\/v2\/product\/5928","targetHints":{"allow":["GET"]}}],"collection":[{"href":"https:\/\/silenthome.com\/en\/wp-json\/wp\/v2\/product"}],"about":[{"href":"https:\/\/silenthome.com\/en\/wp-json\/wp\/v2\/types\/product"}],"replies":[{"embeddable":true,"href":"https:\/\/silenthome.com\/en\/wp-json\/wp\/v2\/comments?post=5928"}],"wp:featuredmedia":[{"embeddable":true,"href":"https:\/\/silenthome.com\/en\/wp-json\/wp\/v2\/media\/5957"}],"wp:attachment":[{"href":"https:\/\/silenthome.com\/en\/wp-json\/wp\/v2\/media?parent=5928"}],"wp:term":[{"taxonomy":"product_brand","embeddable":true,"href":"https:\/\/silenthome.com\/en\/wp-json\/wp\/v2\/product_brand?post=5928"},{"taxonomy":"product_cat","embeddable":true,"href":"https:\/\/silenthome.com\/en\/wp-json\/wp\/v2\/product_cat?post=5928"},{"taxonomy":"product_tag","embeddable":true,"href":"https:\/\/silenthome.com\/en\/wp-json\/wp\/v2\/product_tag?post=5928"}],"curies":[{"name":"wp","href":"https:\/\/api.w.org\/{rel}","templated":true}]}}