{"id":5877,"date":"2024-11-14T16:37:19","date_gmt":"2024-11-14T16:37:19","guid":{"rendered":"https:\/\/silenthome.com\/produto\/relief-saladeira-com-relevo\/"},"modified":"2025-11-20T17:20:08","modified_gmt":"2025-11-20T17:20:08","slug":"relief-saladeira-com-relevo","status":"publish","type":"product","link":"https:\/\/silenthome.com\/en\/product\/relief-saladeira-com-relevo\/","title":{"rendered":"RELIEF, EMBOSSED SALAD BOWL"},"content":{"rendered":"","protected":false},"excerpt":{"rendered":"<p><span class=\"relative -mx-px my-[-0.2rem] rounded px-px py-[0.2rem] transition-colors duration-100 ease-in-out\">A Saladeira Relief, \u00e9 uma<strong> pe\u00e7a elegante<\/strong> e<strong> funcional<\/strong>, ideal para quem aprecia detalhes sofisticados no quotidiano.<\/span> <span class=\"relative -mx-px my-[-0.2rem] rounded px-px py-[0.2rem] transition-colors duration-100 ease-in-out\">Com um design em relevo, esta saladeira destaca-se pela sua textura \u00fanica, proporcionando uma experi\u00eancia t\u00e1til agrad\u00e1vel. <strong>Perfeita para servir saladas ou outros pratos, adaptando-se a diversas ocasi\u00f5es, desde refei\u00e7\u00f5es di\u00e1rias a eventos especiais.<\/strong><\/span><\/p>\n","protected":false},"featured_media":5888,"comment_status":"open","ping_status":"closed","template":"","meta":{"_acf_changed":false},"product_brand":[],"product_cat":[124,119],"product_tag":[],"class_list":{"0":"post-5877","1":"product","2":"type-product","3":"status-publish","4":"has-post-thumbnail","6":"product_cat-loica-de-mesa","7":"product_cat-mesa-e-cozinha","9":"first","10":"instock","11":"taxable","12":"shipping-taxable","13":"purchasable","14":"product-type-simple"},"acf":[],"aioseo_notices":[],"_links":{"self":[{"href":"https:\/\/silenthome.com\/en\/wp-json\/wp\/v2\/product\/5877","targetHints":{"allow":["GET"]}}],"collection":[{"href":"https:\/\/silenthome.com\/en\/wp-json\/wp\/v2\/product"}],"about":[{"href":"https:\/\/silenthome.com\/en\/wp-json\/wp\/v2\/types\/product"}],"replies":[{"embeddable":true,"href":"https:\/\/silenthome.com\/en\/wp-json\/wp\/v2\/comments?post=5877"}],"wp:featuredmedia":[{"embeddable":true,"href":"https:\/\/silenthome.com\/en\/wp-json\/wp\/v2\/media\/5888"}],"wp:attachment":[{"href":"https:\/\/silenthome.com\/en\/wp-json\/wp\/v2\/media?parent=5877"}],"wp:term":[{"taxonomy":"product_brand","embeddable":true,"href":"https:\/\/silenthome.com\/en\/wp-json\/wp\/v2\/product_brand?post=5877"},{"taxonomy":"product_cat","embeddable":true,"href":"https:\/\/silenthome.com\/en\/wp-json\/wp\/v2\/product_cat?post=5877"},{"taxonomy":"product_tag","embeddable":true,"href":"https:\/\/silenthome.com\/en\/wp-json\/wp\/v2\/product_tag?post=5877"}],"curies":[{"name":"wp","href":"https:\/\/api.w.org\/{rel}","templated":true}]}}