{"id":11686,"date":"2026-04-08T17:51:17","date_gmt":"2026-04-08T16:51:17","guid":{"rendered":"https:\/\/silenthome.com\/?post_type=product&#038;p=11686"},"modified":"2026-04-10T18:31:26","modified_gmt":"2026-04-10T17:31:26","slug":"totem-stones-marble-2l-baobab-collection","status":"publish","type":"product","link":"https:\/\/silenthome.com\/en\/product\/totem-stones-marble-2l-baobab-collection\/","title":{"rendered":"Totem Stones Marble 2L Baobab Collection"},"content":{"rendered":"","protected":false},"excerpt":{"rendered":"<p><span dir=\"auto\">Os difusores Totem Marble s\u00e3o soprados \u00e0 m\u00e3o pelos nossos artes\u00e3os vidreiros. Em refer\u00eancia \u00e0 paleta de cores do m\u00e1rmore precioso, as suas tampas de cer\u00e2mica s\u00e3o pretas e prateadas, em harmonia com os frascos. Se o charme do Totem Marble \u00e9 majestoso nos frascos de 2 litros ou 5 litros, o de 250 ml torna-se um objeto precioso e item de colecionador, perfeito para qualquer decora\u00e7\u00e3o.<\/span><br \/>\n<span dir=\"auto\">*O perfume e as varetas est\u00e3o inclu\u00eddos .<\/span><\/p>\n<p>Notas olfativas: Couro, Rosa e Ameixa<\/p>","protected":false},"featured_media":11687,"comment_status":"open","ping_status":"closed","template":"","meta":{"_acf_changed":false},"product_brand":[],"product_cat":[54,52],"product_tag":[],"class_list":{"0":"post-11686","1":"product","2":"type-product","3":"status-publish","4":"has-post-thumbnail","6":"product_cat-difusores","7":"product_cat-fragrancias","9":"first","10":"instock","11":"taxable","12":"shipping-taxable","13":"purchasable","14":"product-type-simple"},"acf":[],"aioseo_notices":[],"_links":{"self":[{"href":"https:\/\/silenthome.com\/en\/wp-json\/wp\/v2\/product\/11686","targetHints":{"allow":["GET"]}}],"collection":[{"href":"https:\/\/silenthome.com\/en\/wp-json\/wp\/v2\/product"}],"about":[{"href":"https:\/\/silenthome.com\/en\/wp-json\/wp\/v2\/types\/product"}],"replies":[{"embeddable":true,"href":"https:\/\/silenthome.com\/en\/wp-json\/wp\/v2\/comments?post=11686"}],"wp:featuredmedia":[{"embeddable":true,"href":"https:\/\/silenthome.com\/en\/wp-json\/wp\/v2\/media\/11687"}],"wp:attachment":[{"href":"https:\/\/silenthome.com\/en\/wp-json\/wp\/v2\/media?parent=11686"}],"wp:term":[{"taxonomy":"product_brand","embeddable":true,"href":"https:\/\/silenthome.com\/en\/wp-json\/wp\/v2\/product_brand?post=11686"},{"taxonomy":"product_cat","embeddable":true,"href":"https:\/\/silenthome.com\/en\/wp-json\/wp\/v2\/product_cat?post=11686"},{"taxonomy":"product_tag","embeddable":true,"href":"https:\/\/silenthome.com\/en\/wp-json\/wp\/v2\/product_tag?post=11686"}],"curies":[{"name":"wp","href":"https:\/\/api.w.org\/{rel}","templated":true}]}}